{"id":108,"date":"2018-09-27T11:24:00","date_gmt":"2018-09-27T14:24:00","guid":{"rendered":"http:\/\/www.sindipetroba.org.br\/2019\/?page_id=108"},"modified":"2019-05-29T16:50:03","modified_gmt":"2019-05-29T19:50:03","slug":"viii-congresso","status":"publish","type":"page","link":"http:\/\/www.sindipetroba.org.br\/2019\/viii-congresso\/","title":{"rendered":"VIII Congresso de Petroleir@s d@ Bahia"},"content":{"rendered":"<p>[et_pb_section bb_built=&#8221;1&#8243; fullwidth=&#8221;on&#8221; _builder_version=&#8221;3.13.1&#8243; next_background_color=&#8221;#000000&#8243;][et_pb_fullwidth_post_title meta=&#8221;off&#8221; featured_placement=&#8221;background&#8221; _builder_version=&#8221;3.19.14&#8243; title_font=&#8221;||||||||&#8221; title_text_color=&#8221;#FFFFFF&#8221; custom_padding=&#8221;200px||40px|&#8221;]<\/p>\n<p>[\/et_pb_fullwidth_post_title][\/et_pb_section][et_pb_section bb_built=&#8221;1&#8243; _builder_version=&#8221;3.0.47&#8243; prev_background_color=&#8221;#000000&#8243; next_background_color=&#8221;#000000&#8243;][et_pb_row _builder_version=&#8221;3.0.48&#8243; background_size=&#8221;initial&#8221; background_position=&#8221;top_left&#8221; background_repeat=&#8221;repeat&#8221;][et_pb_column type=&#8221;4_4&#8243;][et_pb_text _builder_version=&#8221;3.19.14&#8243;]<\/p>\n<p>J\u00e1 est\u00e3o abertas as inscri\u00e7\u00f5es para ser delegado no 8\u00ba Congresso da Categoria Petroleira, que acontece nos dia 30 e 31 de mar\u00e7o, no Portobello Ondina Praia Hotel, em Ondina. O prazo se encerra no dia 8 de mar\u00e7o e as inscri\u00e7\u00f5es devem ser realizadas atrav\u00e9s do e-mail da secretaria geral. Os diretores do sindicato s\u00e3o delegados natos, portanto, est\u00e3o automaticamente inscritos.<\/p>\n<p>A inscri\u00e7\u00e3o das teses dever\u00e1 ser encaminhada \u00e0 secretaria geral at\u00e9 o dia 11 de mar\u00e7o, pelo e-mail secretaria@sindipetroba.org.br. Veja a propor\u00e7\u00e3o de delegados para o congresso, conforme aprovado pela Comiss\u00e3o Organizadora e descrito na tabela abaixo:<\/p>\n<p><img loading=\"lazy\" decoding=\"async\" width=\"910\" height=\"136\" class=\"alignnone size-full wp-image-694\" src=\"http:\/\/www.sindipetroba.org.br\/2019\/wp-content\/uploads\/2019\/02\/tabela.png\" alt=\"\" srcset=\"http:\/\/www.sindipetroba.org.br\/2019\/wp-content\/uploads\/2019\/02\/tabela.png 910w, http:\/\/www.sindipetroba.org.br\/2019\/wp-content\/uploads\/2019\/02\/tabela-250x37.png 250w, http:\/\/www.sindipetroba.org.br\/2019\/wp-content\/uploads\/2019\/02\/tabela-768x115.png 768w, http:\/\/www.sindipetroba.org.br\/2019\/wp-content\/uploads\/2019\/02\/tabela-700x105.png 700w, http:\/\/www.sindipetroba.org.br\/2019\/wp-content\/uploads\/2019\/02\/tabela-120x18.png 120w\" sizes=\"(max-width: 910px) 100vw, 910px\" \/><\/p>\n<p>[\/et_pb_text][\/et_pb_column][\/et_pb_row][\/et_pb_section][et_pb_section bb_built=&#8221;1&#8243; _builder_version=&#8221;3.0.47&#8243; custom_padding=&#8221;40px|0px|40px|0px|true|false&#8221; prev_background_color=&#8221;#000000&#8243; next_background_color=&#8221;#000000&#8243;][et_pb_row _builder_version=&#8221;3.13.1&#8243; background_size=&#8221;initial&#8221; background_position=&#8221;top_left&#8221; background_repeat=&#8221;repeat&#8221; border_color_all=&#8221;#d8242f&#8221; border_width_top=&#8221;3px&#8221;][et_pb_column type=&#8221;4_4&#8243;][et_pb_text _builder_version=&#8221;3.19.14&#8243;]<\/p>\n<h3>Documentos<\/h3>\n<p>[\/et_pb_text][\/et_pb_column][\/et_pb_row][et_pb_row custom_padding=&#8221;0|0px|0|0px|true|false&#8221; _builder_version=&#8221;3.0.48&#8243; background_size=&#8221;initial&#8221; background_position=&#8221;top_left&#8221; background_repeat=&#8221;repeat&#8221;][et_pb_column type=&#8221;4_4&#8243;][et_pb_blurb admin_label=&#8221;Release 8\u00ba Congresso&#8221; title=&#8221;Programa\u00e7\u00e3o 8\u00ba Congresso&#8221; image=&#8221;http:\/\/www.sindipetroba.org.br\/2019\/wp-content\/uploads\/2018\/10\/icone_pdf.png&#8221; icon_placement=&#8221;left&#8221; content_max_width=&#8221;750px&#8221; _builder_version=&#8221;3.19.14&#8243; custom_css_main_element=&#8221;float: left;||clear: both;&#8221; custom_css_blurb_image=&#8221;width: 60px;&#8221; custom_css_blurb_title=&#8221;margin-top: 10px&#8221; url=&#8221;http:\/\/www.sindipetroba.org.br\/2019\/wp-content\/uploads\/2019\/04\/programacao-8-congresso.pdf&#8221; url_new_window=&#8221;on&#8221; \/][et_pb_blurb admin_label=&#8221;Release 8\u00ba Congresso&#8221; title=&#8221;Release 8\u00ba Congresso&#8221; image=&#8221;http:\/\/www.sindipetroba.org.br\/2019\/wp-content\/uploads\/2018\/10\/icone_pdf.png&#8221; icon_placement=&#8221;left&#8221; content_max_width=&#8221;750px&#8221; _builder_version=&#8221;3.19.14&#8243; custom_css_main_element=&#8221;float: left;||clear: both;&#8221; custom_css_blurb_image=&#8221;width: 60px;&#8221; custom_css_blurb_title=&#8221;margin-top: 10px&#8221; url=&#8221;http:\/\/www.sindipetroba.org.br\/2019\/wp-content\/uploads\/2019\/04\/release-8-congresso.pdf&#8221; url_new_window=&#8221;on&#8221; \/][et_pb_blurb admin_label=&#8221;Teses 8\u00ba Congresso&#8221; title=&#8221;Caderno de teses 8\u00ba Congresso&#8221; image=&#8221;http:\/\/www.sindipetroba.org.br\/2019\/wp-content\/uploads\/2018\/10\/icone_pdf.png&#8221; icon_placement=&#8221;left&#8221; content_max_width=&#8221;750px&#8221; _builder_version=&#8221;3.19.14&#8243; custom_css_main_element=&#8221;float: left;||clear: both;&#8221; custom_css_blurb_image=&#8221;width: 60px;&#8221; custom_css_blurb_title=&#8221;margin-top: 10px&#8221; url=&#8221;http:\/\/www.sindipetroba.org.br\/2019\/wp-content\/uploads\/2019\/04\/caderno-de-teses-8-congresso-dos-petroleiros.pdf&#8221; url_new_window=&#8221;on&#8221; \/][\/et_pb_column][\/et_pb_row][\/et_pb_section][et_pb_section bb_built=&#8221;1&#8243; _builder_version=&#8221;3.0.47&#8243; custom_padding=&#8221;40px|0px|40px|0px|true|false&#8221; prev_background_color=&#8221;#000000&#8243; next_background_color=&#8221;#000000&#8243;][et_pb_row _builder_version=&#8221;3.13.1&#8243; background_size=&#8221;initial&#8221; background_position=&#8221;top_left&#8221; background_repeat=&#8221;repeat&#8221; border_color_all=&#8221;#d8242f&#8221; border_width_top=&#8221;3px&#8221;][et_pb_column type=&#8221;4_4&#8243;][et_pb_text _builder_version=&#8221;3.13.1&#8243;]<\/p>\n<h3>Not\u00edcias<\/h3>\n<p>[\/et_pb_text][\/et_pb_column][\/et_pb_row][et_pb_row _builder_version=&#8221;3.0.48&#8243; background_size=&#8221;initial&#8221; background_position=&#8221;top_left&#8221; background_repeat=&#8221;repeat&#8221;][et_pb_column type=&#8221;4_4&#8243;][et_pb_blog fullwidth=&#8221;off&#8221; include_categories=&#8221;1&#8243; show_author=&#8221;off&#8221; show_categories=&#8221;off&#8221; _builder_version=&#8221;3.19.9&#8243;]<\/p>\n<p>[\/et_pb_blog][\/et_pb_column][\/et_pb_row][\/et_pb_section][et_pb_section bb_built=&#8221;1&#8243; _builder_version=&#8221;3.0.47&#8243; prev_background_color=&#8221;#000000&#8243;][et_pb_row _builder_version=&#8221;3.0.48&#8243; background_size=&#8221;initial&#8221; background_position=&#8221;top_left&#8221; background_repeat=&#8221;repeat&#8221;][et_pb_column type=&#8221;4_4&#8243;][\/et_pb_column][\/et_pb_row][\/et_pb_section]<\/p>\n","protected":false},"excerpt":{"rendered":"<p>J\u00e1 est\u00e3o abertas as inscri\u00e7\u00f5es para ser delegado no&#8230;<\/p>\n","protected":false},"author":1,"featured_media":71,"parent":0,"menu_order":0,"comment_status":"closed","ping_status":"closed","template":"","meta":{"_et_pb_use_builder":"on","_et_pb_old_content":"","_et_gb_content_width":"","footnotes":""},"class_list":["post-108","page","type-page","status-publish","has-post-thumbnail","hentry"],"yoast_head":"<!-- This site is optimized with the Yoast SEO plugin v27.3 - https:\/\/yoast.com\/product\/yoast-seo-wordpress\/ -->\n<title>VIII Congresso de Petroleir@s d@ Bahia - Sindipetro BA<\/title>\n<meta name=\"robots\" content=\"index, follow, max-snippet:-1, max-image-preview:large, max-video-preview:-1\" \/>\n<link rel=\"canonical\" href=\"http:\/\/www.sindipetroba.org.br\/2019\/viii-congresso\/\" \/>\n<meta property=\"og:locale\" content=\"pt_BR\" \/>\n<meta property=\"og:type\" content=\"article\" \/>\n<meta property=\"og:title\" content=\"VIII Congresso de Petroleir@s d@ Bahia - Sindipetro BA\" \/>\n<meta property=\"og:description\" content=\"J\u00e1 est\u00e3o abertas as inscri\u00e7\u00f5es para ser delegado no...\" \/>\n<meta property=\"og:url\" content=\"http:\/\/www.sindipetroba.org.br\/2019\/viii-congresso\/\" \/>\n<meta property=\"og:site_name\" content=\"Sindipetro BA\" \/>\n<meta property=\"article:publisher\" content=\"https:\/\/www.facebook.com\/sindipetroBa\/\" \/>\n<meta property=\"article:modified_time\" content=\"2019-05-29T19:50:03+00:00\" \/>\n<meta property=\"og:image\" content=\"http:\/\/www.sindipetroba.org.br\/2019\/wp-content\/uploads\/2018\/09\/sp_banner.jpg\" \/>\n\t<meta property=\"og:image:width\" content=\"1920\" \/>\n\t<meta property=\"og:image:height\" content=\"700\" \/>\n\t<meta property=\"og:image:type\" content=\"image\/jpeg\" \/>\n<meta name=\"twitter:card\" content=\"summary_large_image\" \/>\n<meta name=\"twitter:site\" content=\"@SindipetroBahia\" \/>\n<meta name=\"twitter:label1\" content=\"Est. tempo de leitura\" \/>\n\t<meta name=\"twitter:data1\" content=\"3 minutos\" \/>\n<script type=\"application\/ld+json\" class=\"yoast-schema-graph\">{\"@context\":\"https:\\\/\\\/schema.org\",\"@graph\":[{\"@type\":\"WebPage\",\"@id\":\"http:\\\/\\\/www.sindipetroba.org.br\\\/2019\\\/viii-congresso\\\/\",\"url\":\"http:\\\/\\\/www.sindipetroba.org.br\\\/2019\\\/viii-congresso\\\/\",\"name\":\"VIII Congresso de Petroleir@s d@ Bahia - Sindipetro BA\",\"isPartOf\":{\"@id\":\"http:\\\/\\\/www.sindipetroba.org.br\\\/2019\\\/#website\"},\"primaryImageOfPage\":{\"@id\":\"http:\\\/\\\/www.sindipetroba.org.br\\\/2019\\\/viii-congresso\\\/#primaryimage\"},\"image\":{\"@id\":\"http:\\\/\\\/www.sindipetroba.org.br\\\/2019\\\/viii-congresso\\\/#primaryimage\"},\"thumbnailUrl\":\"http:\\\/\\\/www.sindipetroba.org.br\\\/2019\\\/wp-content\\\/uploads\\\/2018\\\/09\\\/sp_banner.jpg\",\"datePublished\":\"2018-09-27T14:24:00+00:00\",\"dateModified\":\"2019-05-29T19:50:03+00:00\",\"breadcrumb\":{\"@id\":\"http:\\\/\\\/www.sindipetroba.org.br\\\/2019\\\/viii-congresso\\\/#breadcrumb\"},\"inLanguage\":\"pt-BR\",\"potentialAction\":[{\"@type\":\"ReadAction\",\"target\":[\"http:\\\/\\\/www.sindipetroba.org.br\\\/2019\\\/viii-congresso\\\/\"]}]},{\"@type\":\"ImageObject\",\"inLanguage\":\"pt-BR\",\"@id\":\"http:\\\/\\\/www.sindipetroba.org.br\\\/2019\\\/viii-congresso\\\/#primaryimage\",\"url\":\"http:\\\/\\\/www.sindipetroba.org.br\\\/2019\\\/wp-content\\\/uploads\\\/2018\\\/09\\\/sp_banner.jpg\",\"contentUrl\":\"http:\\\/\\\/www.sindipetroba.org.br\\\/2019\\\/wp-content\\\/uploads\\\/2018\\\/09\\\/sp_banner.jpg\",\"width\":1920,\"height\":700},{\"@type\":\"BreadcrumbList\",\"@id\":\"http:\\\/\\\/www.sindipetroba.org.br\\\/2019\\\/viii-congresso\\\/#breadcrumb\",\"itemListElement\":[{\"@type\":\"ListItem\",\"position\":1,\"name\":\"In\u00edcio\",\"item\":\"http:\\\/\\\/www.sindipetroba.org.br\\\/2019\\\/\"},{\"@type\":\"ListItem\",\"position\":2,\"name\":\"VIII Congresso de Petroleir@s d@ Bahia\"}]},{\"@type\":\"WebSite\",\"@id\":\"http:\\\/\\\/www.sindipetroba.org.br\\\/2019\\\/#website\",\"url\":\"http:\\\/\\\/www.sindipetroba.org.br\\\/2019\\\/\",\"name\":\"Sindipetro BA\",\"description\":\"Sindicato dos Petroleiros e Petroleiras do Estado da Bahia\",\"publisher\":{\"@id\":\"http:\\\/\\\/www.sindipetroba.org.br\\\/2019\\\/#organization\"},\"potentialAction\":[{\"@type\":\"SearchAction\",\"target\":{\"@type\":\"EntryPoint\",\"urlTemplate\":\"http:\\\/\\\/www.sindipetroba.org.br\\\/2019\\\/?s={search_term_string}\"},\"query-input\":{\"@type\":\"PropertyValueSpecification\",\"valueRequired\":true,\"valueName\":\"search_term_string\"}}],\"inLanguage\":\"pt-BR\"},{\"@type\":\"Organization\",\"@id\":\"http:\\\/\\\/www.sindipetroba.org.br\\\/2019\\\/#organization\",\"name\":\"Sindipetro BA\",\"url\":\"http:\\\/\\\/www.sindipetroba.org.br\\\/2019\\\/\",\"logo\":{\"@type\":\"ImageObject\",\"inLanguage\":\"pt-BR\",\"@id\":\"http:\\\/\\\/www.sindipetroba.org.br\\\/2019\\\/#\\\/schema\\\/logo\\\/image\\\/\",\"url\":\"http:\\\/\\\/www.sindipetroba.org.br\\\/2019\\\/wp-content\\\/uploads\\\/2019\\\/01\\\/sindipetro-marca-cor.png\",\"contentUrl\":\"http:\\\/\\\/www.sindipetroba.org.br\\\/2019\\\/wp-content\\\/uploads\\\/2019\\\/01\\\/sindipetro-marca-cor.png\",\"width\":350,\"height\":126,\"caption\":\"Sindipetro BA\"},\"image\":{\"@id\":\"http:\\\/\\\/www.sindipetroba.org.br\\\/2019\\\/#\\\/schema\\\/logo\\\/image\\\/\"},\"sameAs\":[\"https:\\\/\\\/www.facebook.com\\\/sindipetroBa\\\/\",\"https:\\\/\\\/x.com\\\/SindipetroBahia\",\"https:\\\/\\\/www.instagram.com\\\/sindipetroba\\\/\",\"https:\\\/\\\/www.youtube.com\\\/c\\\/SindipetroBahiaOficial\"]}]}<\/script>\n<!-- \/ Yoast SEO plugin. -->","yoast_head_json":{"title":"VIII Congresso de Petroleir@s d@ Bahia - Sindipetro BA","robots":{"index":"index","follow":"follow","max-snippet":"max-snippet:-1","max-image-preview":"max-image-preview:large","max-video-preview":"max-video-preview:-1"},"canonical":"http:\/\/www.sindipetroba.org.br\/2019\/viii-congresso\/","og_locale":"pt_BR","og_type":"article","og_title":"VIII Congresso de Petroleir@s d@ Bahia - Sindipetro BA","og_description":"J\u00e1 est\u00e3o abertas as inscri\u00e7\u00f5es para ser delegado no...","og_url":"http:\/\/www.sindipetroba.org.br\/2019\/viii-congresso\/","og_site_name":"Sindipetro BA","article_publisher":"https:\/\/www.facebook.com\/sindipetroBa\/","article_modified_time":"2019-05-29T19:50:03+00:00","og_image":[{"width":1920,"height":700,"url":"http:\/\/www.sindipetroba.org.br\/2019\/wp-content\/uploads\/2018\/09\/sp_banner.jpg","type":"image\/jpeg"}],"twitter_card":"summary_large_image","twitter_site":"@SindipetroBahia","twitter_misc":{"Est. tempo de leitura":"3 minutos"},"schema":{"@context":"https:\/\/schema.org","@graph":[{"@type":"WebPage","@id":"http:\/\/www.sindipetroba.org.br\/2019\/viii-congresso\/","url":"http:\/\/www.sindipetroba.org.br\/2019\/viii-congresso\/","name":"VIII Congresso de Petroleir@s d@ Bahia - Sindipetro BA","isPartOf":{"@id":"http:\/\/www.sindipetroba.org.br\/2019\/#website"},"primaryImageOfPage":{"@id":"http:\/\/www.sindipetroba.org.br\/2019\/viii-congresso\/#primaryimage"},"image":{"@id":"http:\/\/www.sindipetroba.org.br\/2019\/viii-congresso\/#primaryimage"},"thumbnailUrl":"http:\/\/www.sindipetroba.org.br\/2019\/wp-content\/uploads\/2018\/09\/sp_banner.jpg","datePublished":"2018-09-27T14:24:00+00:00","dateModified":"2019-05-29T19:50:03+00:00","breadcrumb":{"@id":"http:\/\/www.sindipetroba.org.br\/2019\/viii-congresso\/#breadcrumb"},"inLanguage":"pt-BR","potentialAction":[{"@type":"ReadAction","target":["http:\/\/www.sindipetroba.org.br\/2019\/viii-congresso\/"]}]},{"@type":"ImageObject","inLanguage":"pt-BR","@id":"http:\/\/www.sindipetroba.org.br\/2019\/viii-congresso\/#primaryimage","url":"http:\/\/www.sindipetroba.org.br\/2019\/wp-content\/uploads\/2018\/09\/sp_banner.jpg","contentUrl":"http:\/\/www.sindipetroba.org.br\/2019\/wp-content\/uploads\/2018\/09\/sp_banner.jpg","width":1920,"height":700},{"@type":"BreadcrumbList","@id":"http:\/\/www.sindipetroba.org.br\/2019\/viii-congresso\/#breadcrumb","itemListElement":[{"@type":"ListItem","position":1,"name":"In\u00edcio","item":"http:\/\/www.sindipetroba.org.br\/2019\/"},{"@type":"ListItem","position":2,"name":"VIII Congresso de Petroleir@s d@ Bahia"}]},{"@type":"WebSite","@id":"http:\/\/www.sindipetroba.org.br\/2019\/#website","url":"http:\/\/www.sindipetroba.org.br\/2019\/","name":"Sindipetro BA","description":"Sindicato dos Petroleiros e Petroleiras do Estado da Bahia","publisher":{"@id":"http:\/\/www.sindipetroba.org.br\/2019\/#organization"},"potentialAction":[{"@type":"SearchAction","target":{"@type":"EntryPoint","urlTemplate":"http:\/\/www.sindipetroba.org.br\/2019\/?s={search_term_string}"},"query-input":{"@type":"PropertyValueSpecification","valueRequired":true,"valueName":"search_term_string"}}],"inLanguage":"pt-BR"},{"@type":"Organization","@id":"http:\/\/www.sindipetroba.org.br\/2019\/#organization","name":"Sindipetro BA","url":"http:\/\/www.sindipetroba.org.br\/2019\/","logo":{"@type":"ImageObject","inLanguage":"pt-BR","@id":"http:\/\/www.sindipetroba.org.br\/2019\/#\/schema\/logo\/image\/","url":"http:\/\/www.sindipetroba.org.br\/2019\/wp-content\/uploads\/2019\/01\/sindipetro-marca-cor.png","contentUrl":"http:\/\/www.sindipetroba.org.br\/2019\/wp-content\/uploads\/2019\/01\/sindipetro-marca-cor.png","width":350,"height":126,"caption":"Sindipetro BA"},"image":{"@id":"http:\/\/www.sindipetroba.org.br\/2019\/#\/schema\/logo\/image\/"},"sameAs":["https:\/\/www.facebook.com\/sindipetroBa\/","https:\/\/x.com\/SindipetroBahia","https:\/\/www.instagram.com\/sindipetroba\/","https:\/\/www.youtube.com\/c\/SindipetroBahiaOficial"]}]}},"_links":{"self":[{"href":"http:\/\/www.sindipetroba.org.br\/2019\/wp-json\/wp\/v2\/pages\/108","targetHints":{"allow":["GET"]}}],"collection":[{"href":"http:\/\/www.sindipetroba.org.br\/2019\/wp-json\/wp\/v2\/pages"}],"about":[{"href":"http:\/\/www.sindipetroba.org.br\/2019\/wp-json\/wp\/v2\/types\/page"}],"author":[{"embeddable":true,"href":"http:\/\/www.sindipetroba.org.br\/2019\/wp-json\/wp\/v2\/users\/1"}],"replies":[{"embeddable":true,"href":"http:\/\/www.sindipetroba.org.br\/2019\/wp-json\/wp\/v2\/comments?post=108"}],"version-history":[{"count":24,"href":"http:\/\/www.sindipetroba.org.br\/2019\/wp-json\/wp\/v2\/pages\/108\/revisions"}],"predecessor-version":[{"id":742,"href":"http:\/\/www.sindipetroba.org.br\/2019\/wp-json\/wp\/v2\/pages\/108\/revisions\/742"}],"wp:featuredmedia":[{"embeddable":true,"href":"http:\/\/www.sindipetroba.org.br\/2019\/wp-json\/wp\/v2\/media\/71"}],"wp:attachment":[{"href":"http:\/\/www.sindipetroba.org.br\/2019\/wp-json\/wp\/v2\/media?parent=108"}],"curies":[{"name":"wp","href":"https:\/\/api.w.org\/{rel}","templated":true}]}}