{"id":142,"date":"2018-10-04T08:35:27","date_gmt":"2018-10-04T11:35:27","guid":{"rendered":"http:\/\/www.sindipetroba.org.br\/2019\/?page_id=142"},"modified":"2019-04-05T16:59:08","modified_gmt":"2019-04-05T19:59:08","slug":"o-sindicato","status":"publish","type":"page","link":"http:\/\/www.sindipetroba.org.br\/2019\/o-sindicato\/","title":{"rendered":"O Sindicato"},"content":{"rendered":"<p>[et_pb_section bb_built=&#8221;1&#8243; fullwidth=&#8221;on&#8221; _builder_version=&#8221;3.13.1&#8243; next_background_color=&#8221;#000000&#8243;][et_pb_fullwidth_post_title meta=&#8221;off&#8221; featured_placement=&#8221;background&#8221; _builder_version=&#8221;3.13.1&#8243; title_font=&#8221;||||||||&#8221; title_text_color=&#8221;#FFFFFF&#8221; custom_padding=&#8221;200px||40px|&#8221;]<\/p>\n<p><\/p>\n<p>[\/et_pb_fullwidth_post_title][\/et_pb_section][et_pb_section bb_built=&#8221;1&#8243; _builder_version=&#8221;3.0.47&#8243; prev_background_color=&#8221;#000000&#8243;][et_pb_row _builder_version=&#8221;3.0.48&#8243; background_size=&#8221;initial&#8221; background_position=&#8221;top_left&#8221; background_repeat=&#8221;repeat&#8221;][et_pb_column type=&#8221;4_4&#8243;][et_pb_text _builder_version=&#8221;3.19.14&#8243;]<\/p>\n<p>Fundado em 1959, o Sindipetro representa os interesses da categoria petroleira da Bahia, atuando na defesa dos direitos da classe trabalhadora e da Petrobras 100% estatal.<\/p>\n<p>Al\u00e9m disso, busca ser fonte de informa\u00e7\u00f5es, an\u00e1lises e estat\u00edsticas que possam servir de base para o melhor entendimento dos trabalhadores sobre a conjuntura pol\u00edtica e econ\u00f4mica do pa\u00eds e como isso afeta a vida da categoria.<\/p>\n<p>[\/et_pb_text][\/et_pb_column][\/et_pb_row][\/et_pb_section]<\/p>\n","protected":false},"excerpt":{"rendered":"<p>Fundado em 1959, o Sindipetro representa os&#8230;<\/p>\n","protected":false},"author":1,"featured_media":71,"parent":0,"menu_order":0,"comment_status":"closed","ping_status":"closed","template":"","meta":{"_et_pb_use_builder":"on","_et_pb_old_content":"","_et_gb_content_width":"","footnotes":""},"class_list":["post-142","page","type-page","status-publish","has-post-thumbnail","hentry"],"yoast_head":"<!-- This site is optimized with the Yoast SEO plugin v27.2 - https:\/\/yoast.com\/product\/yoast-seo-wordpress\/ -->\n<title>O Sindicato - Sindipetro BA<\/title>\n<meta name=\"robots\" content=\"index, follow, max-snippet:-1, max-image-preview:large, max-video-preview:-1\" \/>\n<link rel=\"canonical\" href=\"http:\/\/www.sindipetroba.org.br\/2019\/o-sindicato\/\" \/>\n<meta property=\"og:locale\" content=\"pt_BR\" \/>\n<meta property=\"og:type\" content=\"article\" \/>\n<meta property=\"og:title\" content=\"O Sindicato - Sindipetro BA\" \/>\n<meta property=\"og:description\" content=\"Fundado em 1959, o Sindipetro representa os...\" \/>\n<meta property=\"og:url\" content=\"http:\/\/www.sindipetroba.org.br\/2019\/o-sindicato\/\" \/>\n<meta property=\"og:site_name\" content=\"Sindipetro BA\" \/>\n<meta property=\"article:publisher\" content=\"https:\/\/www.facebook.com\/sindipetroBa\/\" \/>\n<meta property=\"article:modified_time\" content=\"2019-04-05T19:59:08+00:00\" \/>\n<meta property=\"og:image\" content=\"http:\/\/www.sindipetroba.org.br\/2019\/wp-content\/uploads\/2018\/09\/sp_banner.jpg\" \/>\n\t<meta property=\"og:image:width\" content=\"1920\" \/>\n\t<meta property=\"og:image:height\" content=\"700\" \/>\n\t<meta property=\"og:image:type\" content=\"image\/jpeg\" \/>\n<meta name=\"twitter:card\" content=\"summary_large_image\" \/>\n<meta name=\"twitter:site\" content=\"@SindipetroBahia\" \/>\n<meta name=\"twitter:label1\" content=\"Est. tempo de leitura\" \/>\n\t<meta name=\"twitter:data1\" content=\"1 minuto\" \/>\n<script type=\"application\/ld+json\" class=\"yoast-schema-graph\">{\"@context\":\"https:\/\/schema.org\",\"@graph\":[{\"@type\":\"WebPage\",\"@id\":\"http:\/\/www.sindipetroba.org.br\/2019\/o-sindicato\/\",\"url\":\"http:\/\/www.sindipetroba.org.br\/2019\/o-sindicato\/\",\"name\":\"O Sindicato - Sindipetro BA\",\"isPartOf\":{\"@id\":\"http:\/\/www.sindipetroba.org.br\/2019\/#website\"},\"primaryImageOfPage\":{\"@id\":\"http:\/\/www.sindipetroba.org.br\/2019\/o-sindicato\/#primaryimage\"},\"image\":{\"@id\":\"http:\/\/www.sindipetroba.org.br\/2019\/o-sindicato\/#primaryimage\"},\"thumbnailUrl\":\"http:\/\/www.sindipetroba.org.br\/2019\/wp-content\/uploads\/2018\/09\/sp_banner.jpg\",\"datePublished\":\"2018-10-04T11:35:27+00:00\",\"dateModified\":\"2019-04-05T19:59:08+00:00\",\"breadcrumb\":{\"@id\":\"http:\/\/www.sindipetroba.org.br\/2019\/o-sindicato\/#breadcrumb\"},\"inLanguage\":\"pt-BR\",\"potentialAction\":[{\"@type\":\"ReadAction\",\"target\":[\"http:\/\/www.sindipetroba.org.br\/2019\/o-sindicato\/\"]}]},{\"@type\":\"ImageObject\",\"inLanguage\":\"pt-BR\",\"@id\":\"http:\/\/www.sindipetroba.org.br\/2019\/o-sindicato\/#primaryimage\",\"url\":\"http:\/\/www.sindipetroba.org.br\/2019\/wp-content\/uploads\/2018\/09\/sp_banner.jpg\",\"contentUrl\":\"http:\/\/www.sindipetroba.org.br\/2019\/wp-content\/uploads\/2018\/09\/sp_banner.jpg\",\"width\":1920,\"height\":700},{\"@type\":\"BreadcrumbList\",\"@id\":\"http:\/\/www.sindipetroba.org.br\/2019\/o-sindicato\/#breadcrumb\",\"itemListElement\":[{\"@type\":\"ListItem\",\"position\":1,\"name\":\"In\u00edcio\",\"item\":\"http:\/\/www.sindipetroba.org.br\/2019\/\"},{\"@type\":\"ListItem\",\"position\":2,\"name\":\"O Sindicato\"}]},{\"@type\":\"WebSite\",\"@id\":\"http:\/\/www.sindipetroba.org.br\/2019\/#website\",\"url\":\"http:\/\/www.sindipetroba.org.br\/2019\/\",\"name\":\"Sindipetro BA\",\"description\":\"Sindicato dos Petroleiros e Petroleiras do Estado da Bahia\",\"publisher\":{\"@id\":\"http:\/\/www.sindipetroba.org.br\/2019\/#organization\"},\"potentialAction\":[{\"@type\":\"SearchAction\",\"target\":{\"@type\":\"EntryPoint\",\"urlTemplate\":\"http:\/\/www.sindipetroba.org.br\/2019\/?s={search_term_string}\"},\"query-input\":{\"@type\":\"PropertyValueSpecification\",\"valueRequired\":true,\"valueName\":\"search_term_string\"}}],\"inLanguage\":\"pt-BR\"},{\"@type\":\"Organization\",\"@id\":\"http:\/\/www.sindipetroba.org.br\/2019\/#organization\",\"name\":\"Sindipetro BA\",\"url\":\"http:\/\/www.sindipetroba.org.br\/2019\/\",\"logo\":{\"@type\":\"ImageObject\",\"inLanguage\":\"pt-BR\",\"@id\":\"http:\/\/www.sindipetroba.org.br\/2019\/#\/schema\/logo\/image\/\",\"url\":\"http:\/\/www.sindipetroba.org.br\/2019\/wp-content\/uploads\/2019\/01\/sindipetro-marca-cor.png\",\"contentUrl\":\"http:\/\/www.sindipetroba.org.br\/2019\/wp-content\/uploads\/2019\/01\/sindipetro-marca-cor.png\",\"width\":350,\"height\":126,\"caption\":\"Sindipetro BA\"},\"image\":{\"@id\":\"http:\/\/www.sindipetroba.org.br\/2019\/#\/schema\/logo\/image\/\"},\"sameAs\":[\"https:\/\/www.facebook.com\/sindipetroBa\/\",\"https:\/\/x.com\/SindipetroBahia\",\"https:\/\/www.instagram.com\/sindipetroba\/\",\"https:\/\/www.youtube.com\/c\/SindipetroBahiaOficial\"]}]}<\/script>\n<!-- \/ Yoast SEO plugin. -->","yoast_head_json":{"title":"O Sindicato - Sindipetro BA","robots":{"index":"index","follow":"follow","max-snippet":"max-snippet:-1","max-image-preview":"max-image-preview:large","max-video-preview":"max-video-preview:-1"},"canonical":"http:\/\/www.sindipetroba.org.br\/2019\/o-sindicato\/","og_locale":"pt_BR","og_type":"article","og_title":"O Sindicato - Sindipetro BA","og_description":"Fundado em 1959, o Sindipetro representa os...","og_url":"http:\/\/www.sindipetroba.org.br\/2019\/o-sindicato\/","og_site_name":"Sindipetro BA","article_publisher":"https:\/\/www.facebook.com\/sindipetroBa\/","article_modified_time":"2019-04-05T19:59:08+00:00","og_image":[{"width":1920,"height":700,"url":"http:\/\/www.sindipetroba.org.br\/2019\/wp-content\/uploads\/2018\/09\/sp_banner.jpg","type":"image\/jpeg"}],"twitter_card":"summary_large_image","twitter_site":"@SindipetroBahia","twitter_misc":{"Est. tempo de leitura":"1 minuto"},"schema":{"@context":"https:\/\/schema.org","@graph":[{"@type":"WebPage","@id":"http:\/\/www.sindipetroba.org.br\/2019\/o-sindicato\/","url":"http:\/\/www.sindipetroba.org.br\/2019\/o-sindicato\/","name":"O Sindicato - Sindipetro BA","isPartOf":{"@id":"http:\/\/www.sindipetroba.org.br\/2019\/#website"},"primaryImageOfPage":{"@id":"http:\/\/www.sindipetroba.org.br\/2019\/o-sindicato\/#primaryimage"},"image":{"@id":"http:\/\/www.sindipetroba.org.br\/2019\/o-sindicato\/#primaryimage"},"thumbnailUrl":"http:\/\/www.sindipetroba.org.br\/2019\/wp-content\/uploads\/2018\/09\/sp_banner.jpg","datePublished":"2018-10-04T11:35:27+00:00","dateModified":"2019-04-05T19:59:08+00:00","breadcrumb":{"@id":"http:\/\/www.sindipetroba.org.br\/2019\/o-sindicato\/#breadcrumb"},"inLanguage":"pt-BR","potentialAction":[{"@type":"ReadAction","target":["http:\/\/www.sindipetroba.org.br\/2019\/o-sindicato\/"]}]},{"@type":"ImageObject","inLanguage":"pt-BR","@id":"http:\/\/www.sindipetroba.org.br\/2019\/o-sindicato\/#primaryimage","url":"http:\/\/www.sindipetroba.org.br\/2019\/wp-content\/uploads\/2018\/09\/sp_banner.jpg","contentUrl":"http:\/\/www.sindipetroba.org.br\/2019\/wp-content\/uploads\/2018\/09\/sp_banner.jpg","width":1920,"height":700},{"@type":"BreadcrumbList","@id":"http:\/\/www.sindipetroba.org.br\/2019\/o-sindicato\/#breadcrumb","itemListElement":[{"@type":"ListItem","position":1,"name":"In\u00edcio","item":"http:\/\/www.sindipetroba.org.br\/2019\/"},{"@type":"ListItem","position":2,"name":"O Sindicato"}]},{"@type":"WebSite","@id":"http:\/\/www.sindipetroba.org.br\/2019\/#website","url":"http:\/\/www.sindipetroba.org.br\/2019\/","name":"Sindipetro BA","description":"Sindicato dos Petroleiros e Petroleiras do Estado da Bahia","publisher":{"@id":"http:\/\/www.sindipetroba.org.br\/2019\/#organization"},"potentialAction":[{"@type":"SearchAction","target":{"@type":"EntryPoint","urlTemplate":"http:\/\/www.sindipetroba.org.br\/2019\/?s={search_term_string}"},"query-input":{"@type":"PropertyValueSpecification","valueRequired":true,"valueName":"search_term_string"}}],"inLanguage":"pt-BR"},{"@type":"Organization","@id":"http:\/\/www.sindipetroba.org.br\/2019\/#organization","name":"Sindipetro BA","url":"http:\/\/www.sindipetroba.org.br\/2019\/","logo":{"@type":"ImageObject","inLanguage":"pt-BR","@id":"http:\/\/www.sindipetroba.org.br\/2019\/#\/schema\/logo\/image\/","url":"http:\/\/www.sindipetroba.org.br\/2019\/wp-content\/uploads\/2019\/01\/sindipetro-marca-cor.png","contentUrl":"http:\/\/www.sindipetroba.org.br\/2019\/wp-content\/uploads\/2019\/01\/sindipetro-marca-cor.png","width":350,"height":126,"caption":"Sindipetro BA"},"image":{"@id":"http:\/\/www.sindipetroba.org.br\/2019\/#\/schema\/logo\/image\/"},"sameAs":["https:\/\/www.facebook.com\/sindipetroBa\/","https:\/\/x.com\/SindipetroBahia","https:\/\/www.instagram.com\/sindipetroba\/","https:\/\/www.youtube.com\/c\/SindipetroBahiaOficial"]}]}},"_links":{"self":[{"href":"http:\/\/www.sindipetroba.org.br\/2019\/wp-json\/wp\/v2\/pages\/142","targetHints":{"allow":["GET"]}}],"collection":[{"href":"http:\/\/www.sindipetroba.org.br\/2019\/wp-json\/wp\/v2\/pages"}],"about":[{"href":"http:\/\/www.sindipetroba.org.br\/2019\/wp-json\/wp\/v2\/types\/page"}],"author":[{"embeddable":true,"href":"http:\/\/www.sindipetroba.org.br\/2019\/wp-json\/wp\/v2\/users\/1"}],"replies":[{"embeddable":true,"href":"http:\/\/www.sindipetroba.org.br\/2019\/wp-json\/wp\/v2\/comments?post=142"}],"version-history":[{"count":4,"href":"http:\/\/www.sindipetroba.org.br\/2019\/wp-json\/wp\/v2\/pages\/142\/revisions"}],"predecessor-version":[{"id":746,"href":"http:\/\/www.sindipetroba.org.br\/2019\/wp-json\/wp\/v2\/pages\/142\/revisions\/746"}],"wp:featuredmedia":[{"embeddable":true,"href":"http:\/\/www.sindipetroba.org.br\/2019\/wp-json\/wp\/v2\/media\/71"}],"wp:attachment":[{"href":"http:\/\/www.sindipetroba.org.br\/2019\/wp-json\/wp\/v2\/media?parent=142"}],"curies":[{"name":"wp","href":"https:\/\/api.w.org\/{rel}","templated":true}]}}