{"id":14938,"date":"2021-10-08T11:59:50","date_gmt":"2021-10-08T14:59:50","guid":{"rendered":"http:\/\/www.sindipetroba.org.br\/2019\/?page_id=14938"},"modified":"2021-10-08T11:59:50","modified_gmt":"2021-10-08T14:59:50","slug":"analise-reducao-de-royalties-de-pequenas-e-medias-empresas-qual-o-impacto-para-os-estados","status":"publish","type":"page","link":"http:\/\/www.sindipetroba.org.br\/2019\/analise-reducao-de-royalties-de-pequenas-e-medias-empresas-qual-o-impacto-para-os-estados\/","title":{"rendered":"An\u00e1lise | Redu\u00e7\u00e3o de royalties de pequenas e m\u00e9dias empresas: qual o impacto para os estados?"},"content":{"rendered":"<p>Recentemente, a Ag\u00eancia Nacional de Petr\u00f3leo, G\u00e1s Natural e Biocombust\u00edveis (ANP) aprovou, em 23 de setembro de 2021, a publica\u00e7\u00e3o da resolu\u00e7\u00e3o que regulamentar\u00e1 a redu\u00e7\u00e3o da al\u00edquota de royalties como incentivo \u00e0s empresas de pequeno e m\u00e9dio porte (PMEs).<\/p>\n<p>\u201cOs royalties s\u00e3o uma compensa\u00e7\u00e3o financeira devida \u00e0 Uni\u00e3o aos estados, ao DF, e aos munic\u00edpios benefici\u00e1rios pelas empresas produtoras de petr\u00f3leo e g\u00e1s natural no territ\u00f3rio brasileiro, (&#8230;) que incidem sobre o valor da produ\u00e7\u00e3o do campo e s\u00e3o recolhidos mensalmente pelas empresas que participam do cons\u00f3rcio de opera\u00e7\u00e3o dos respectivos campos, por meio de pagamentos efetuados \u00e0 Secretaria do Tesouro Nacional (STN) at\u00e9 o \u00faltimo dia do m\u00eas seguinte \u00e0quele em que ocorreu a produ\u00e7\u00e3o\u201d.<\/p>\n<p>Na vis\u00e3o da ANP, a proposta visa a ampliar a atratividade econ\u00f4mica dos campos e a extens\u00e3o de sua vida \u00fatil, mantendo seus benef\u00edcios socioecon\u00f4micos regionais, como gera\u00e7\u00e3o de empregos, renda e arrecada\u00e7\u00e3o de tributos estaduais e municipais.<\/p>\n<blockquote><p><em><strong>Ou seja, com a redu\u00e7\u00e3o do percentual pago para os governos, as empresas teriam mais recursos para investir nos campos de produ\u00e7\u00e3o.<\/strong><\/em><\/p><\/blockquote>\n<p>Al\u00e9m disso, a ag\u00eancia espera que ocorra um aumento da participa\u00e7\u00e3o de PMEs nas atividades de explora\u00e7\u00e3o e produ\u00e7\u00e3o, resultando em maior pluralidade de atores da ind\u00fastria.<\/p>\n<p>A nova al\u00edquota proposta ser\u00e1 de 5% para campos operados por empresas de pequeno porte e de 7,5% para aqueles operados por grupos de m\u00e9dio porte, ante os 10% anteriores. A redu\u00e7\u00e3o tamb\u00e9m poder\u00e1 ser concedida a cons\u00f3rcios cujos membros sejam PMEs com participa\u00e7\u00e3o igual ou superior a 75%.<\/p>\n<p>Se efetivada, a medida implicar\u00e1 perda de aproximadamente 43% da receita potencial de royalties para os estados\/munic\u00edpios onde est\u00e3o localizadas as produ\u00e7\u00f5es das empresas de pequeno porte. A perda de receita potencial dos estados\/munic\u00edpios para as empresas de m\u00e9dio porte \u00e9 da ordem de 21%.<\/p>\n<p>Os estados potencialmente afetados pela medida da ANP s\u00e3o o Rio Grande do Norte, onde foram extra\u00eddos 15,170 mil boe\/d em janeiro de 2021, Bahia (5,052 mil boe\/d), Sergipe (3,601 mil), Esp\u00edrito Santo (481 boe\/d), Alagoas (245 boe\/d) e Maranh\u00e3o (28 boe\/d).<\/p>\n<p>O impacto ser\u00e1 ainda maior na medida em que forem aprovadas pela ANP as transfer\u00eancias de opera\u00e7\u00e3o dos ativos j\u00e1 desinvestidos pela Petrobras e para os demais ativos que est\u00e3o colocados \u00e0 venda. Isso porque, as PMEs tendem a utilizar esse instrumento de forma mais recorrente do que a estatal.<\/p>\n<p>Dos 111 campos operados pelas PMEs, 30% ou 27% n\u00e3o produziram em agosto e 15 n\u00e3o extra\u00edram hidrocarbonetos em todo ano de 2021, apesar da forte recupera\u00e7\u00e3o do pre\u00e7o do barril de petr\u00f3leo da faixa dos US$ 30, quando o CNPE aprovou a Resolu\u00e7\u00e3o 04\/2020, para os atuais US$ 70.<\/p>\n<p>Cabe lembrar que muitos desses ativos, por serem maduros, j\u00e1 est\u00e3o sujeitos \u00e0 possibilidade de terem sua al\u00edquota de royalties reduzida para 5%, conforme previsto pela resolu\u00e7\u00e3o ANP n\u00ba 749, de 2018.<\/p>\n<p>De l\u00e1 para c\u00e1, n\u00e3o se observou uma mudan\u00e7a significativa em termos de investimento e gera\u00e7\u00e3o de emprego que compensasse a queda de receita para as unidades federativas.<\/p>\n<blockquote><p><em><strong>Portanto, fica aqui uma reflex\u00e3o: tratava-se mesmo de uma quest\u00e3o de conceder receita extraordin\u00e1ria para as empresas em detrimento dos entes federativos para que os projetos das PMEs se viabilizassem economicamente?<\/strong><\/em><\/p><\/blockquote>\n<p>No m\u00ednimo, tal medida deveria estar vinculada ao comportamento do pre\u00e7o do barril do petr\u00f3leo. No atual patamar, qualquer produ\u00e7\u00e3o nos campos terrestres \u00e9 vi\u00e1vel e rent\u00e1vel, independentemente da redu\u00e7\u00e3o da al\u00edquota dos royalties.<\/p>\n<p><em>*S\u00e3o pesquisadores do Instituto de Estudos Estrat\u00e9gicos de Petr\u00f3leo, G\u00e1s Natural e Biocombust\u00edveis (Ineep).<\/p>\n<p>**Este \u00e9 um artigo de opini\u00e3o. A vis\u00e3o do autor n\u00e3o necessariamente expressa a linha editorial do jornal\u00a0<strong>Brasil de Fato<\/strong>.<\/em><\/p>\n<p><strong>Fonte:\u00a0<\/strong><a href=\"https:\/\/www.brasildefatorj.com.br\/2021\/10\/07\/analise-qual-o-impacto-para-os-estados-da-reducao-de-royalties-de-pequenas-e-medias-empresas\" target=\"_blank\" rel=\"noopener\">BdF Rio de Janeiro<\/a><\/p>\n<p class=\"editor\">Edi\u00e7\u00e3o: Mariana Pitasse<\/p>\n","protected":false},"excerpt":{"rendered":"Recentemente, a Ag\u00eancia Nacional de Petr\u00f3leo, G\u00e1s Natural e Biocombust\u00edveis (ANP) aprovou, em 23 de setembro de 2021, a publica\u00e7\u00e3o da resolu\u00e7\u00e3o que regulamentar\u00e1 a redu\u00e7\u00e3o da al\u00edquota de royalties como incentivo \u00e0s empresas de pequeno e m\u00e9dio porte (PMEs). \u201cOs royalties s\u00e3o uma compensa\u00e7\u00e3o financeira devida \u00e0 Uni\u00e3o aos estados, ao DF, e aos&#8230; <a class=\"view-article\" href=\"http:\/\/www.sindipetroba.org.br\/2019\/analise-reducao-de-royalties-de-pequenas-e-medias-empresas-qual-o-impacto-para-os-estados\/\">Ver artigo<\/a>","protected":false},"author":1,"featured_media":14939,"parent":0,"menu_order":0,"comment_status":"closed","ping_status":"closed","template":"","meta":{"_et_pb_use_builder":"","_et_pb_old_content":"","_et_gb_content_width":"","footnotes":""},"class_list":["post-14938","page","type-page","status-publish","has-post-thumbnail","hentry"],"yoast_head":"<!-- This site is optimized with the Yoast SEO plugin v27.3 - https:\/\/yoast.com\/product\/yoast-seo-wordpress\/ -->\n<title>An\u00e1lise | Redu\u00e7\u00e3o de royalties de pequenas e m\u00e9dias empresas: qual o impacto para os estados? - Sindipetro BA<\/title>\n<meta name=\"robots\" content=\"index, follow, max-snippet:-1, max-image-preview:large, max-video-preview:-1\" \/>\n<link rel=\"canonical\" href=\"http:\/\/www.sindipetroba.org.br\/2019\/analise-reducao-de-royalties-de-pequenas-e-medias-empresas-qual-o-impacto-para-os-estados\/\" \/>\n<meta property=\"og:locale\" content=\"pt_BR\" \/>\n<meta property=\"og:type\" content=\"article\" \/>\n<meta property=\"og:title\" content=\"An\u00e1lise | Redu\u00e7\u00e3o de royalties de pequenas e m\u00e9dias empresas: qual o impacto para os estados? - Sindipetro BA\" \/>\n<meta property=\"og:description\" content=\"Recentemente, a Ag\u00eancia Nacional de Petr\u00f3leo, G\u00e1s Natural e Biocombust\u00edveis (ANP) aprovou, em 23 de setembro de 2021, a publica\u00e7\u00e3o da resolu\u00e7\u00e3o que regulamentar\u00e1 a redu\u00e7\u00e3o da al\u00edquota de royalties como incentivo \u00e0s empresas de pequeno e m\u00e9dio porte (PMEs). \u201cOs royalties s\u00e3o uma compensa\u00e7\u00e3o financeira devida \u00e0 Uni\u00e3o aos estados, ao DF, e aos... Ver artigo\" \/>\n<meta property=\"og:url\" content=\"http:\/\/www.sindipetroba.org.br\/2019\/analise-reducao-de-royalties-de-pequenas-e-medias-empresas-qual-o-impacto-para-os-estados\/\" \/>\n<meta property=\"og:site_name\" content=\"Sindipetro BA\" \/>\n<meta property=\"article:publisher\" content=\"https:\/\/www.facebook.com\/sindipetroBa\/\" \/>\n<meta property=\"og:image\" content=\"http:\/\/www.sindipetroba.org.br\/2019\/wp-content\/uploads\/2021\/10\/image_processing20200421-23357-vpyvo8.jpeg\" \/>\n\t<meta property=\"og:image:width\" content=\"800\" \/>\n\t<meta property=\"og:image:height\" content=\"550\" \/>\n\t<meta property=\"og:image:type\" content=\"image\/jpeg\" \/>\n<meta name=\"twitter:card\" content=\"summary_large_image\" \/>\n<meta name=\"twitter:site\" content=\"@SindipetroBahia\" \/>\n<meta name=\"twitter:label1\" content=\"Est. tempo de leitura\" \/>\n\t<meta name=\"twitter:data1\" content=\"3 minutos\" \/>\n<script type=\"application\/ld+json\" class=\"yoast-schema-graph\">{\"@context\":\"https:\\\/\\\/schema.org\",\"@graph\":[{\"@type\":\"WebPage\",\"@id\":\"http:\\\/\\\/www.sindipetroba.org.br\\\/2019\\\/analise-reducao-de-royalties-de-pequenas-e-medias-empresas-qual-o-impacto-para-os-estados\\\/\",\"url\":\"http:\\\/\\\/www.sindipetroba.org.br\\\/2019\\\/analise-reducao-de-royalties-de-pequenas-e-medias-empresas-qual-o-impacto-para-os-estados\\\/\",\"name\":\"An\u00e1lise | Redu\u00e7\u00e3o de royalties de pequenas e m\u00e9dias empresas: qual o impacto para os estados? - Sindipetro BA\",\"isPartOf\":{\"@id\":\"http:\\\/\\\/www.sindipetroba.org.br\\\/2019\\\/#website\"},\"primaryImageOfPage\":{\"@id\":\"http:\\\/\\\/www.sindipetroba.org.br\\\/2019\\\/analise-reducao-de-royalties-de-pequenas-e-medias-empresas-qual-o-impacto-para-os-estados\\\/#primaryimage\"},\"image\":{\"@id\":\"http:\\\/\\\/www.sindipetroba.org.br\\\/2019\\\/analise-reducao-de-royalties-de-pequenas-e-medias-empresas-qual-o-impacto-para-os-estados\\\/#primaryimage\"},\"thumbnailUrl\":\"http:\\\/\\\/www.sindipetroba.org.br\\\/2019\\\/wp-content\\\/uploads\\\/2021\\\/10\\\/image_processing20200421-23357-vpyvo8.jpeg\",\"datePublished\":\"2021-10-08T14:59:50+00:00\",\"breadcrumb\":{\"@id\":\"http:\\\/\\\/www.sindipetroba.org.br\\\/2019\\\/analise-reducao-de-royalties-de-pequenas-e-medias-empresas-qual-o-impacto-para-os-estados\\\/#breadcrumb\"},\"inLanguage\":\"pt-BR\",\"potentialAction\":[{\"@type\":\"ReadAction\",\"target\":[\"http:\\\/\\\/www.sindipetroba.org.br\\\/2019\\\/analise-reducao-de-royalties-de-pequenas-e-medias-empresas-qual-o-impacto-para-os-estados\\\/\"]}]},{\"@type\":\"ImageObject\",\"inLanguage\":\"pt-BR\",\"@id\":\"http:\\\/\\\/www.sindipetroba.org.br\\\/2019\\\/analise-reducao-de-royalties-de-pequenas-e-medias-empresas-qual-o-impacto-para-os-estados\\\/#primaryimage\",\"url\":\"http:\\\/\\\/www.sindipetroba.org.br\\\/2019\\\/wp-content\\\/uploads\\\/2021\\\/10\\\/image_processing20200421-23357-vpyvo8.jpeg\",\"contentUrl\":\"http:\\\/\\\/www.sindipetroba.org.br\\\/2019\\\/wp-content\\\/uploads\\\/2021\\\/10\\\/image_processing20200421-23357-vpyvo8.jpeg\",\"width\":800,\"height\":550},{\"@type\":\"BreadcrumbList\",\"@id\":\"http:\\\/\\\/www.sindipetroba.org.br\\\/2019\\\/analise-reducao-de-royalties-de-pequenas-e-medias-empresas-qual-o-impacto-para-os-estados\\\/#breadcrumb\",\"itemListElement\":[{\"@type\":\"ListItem\",\"position\":1,\"name\":\"In\u00edcio\",\"item\":\"http:\\\/\\\/www.sindipetroba.org.br\\\/2019\\\/\"},{\"@type\":\"ListItem\",\"position\":2,\"name\":\"An\u00e1lise | Redu\u00e7\u00e3o de royalties de pequenas e m\u00e9dias empresas: qual o impacto para os estados?\"}]},{\"@type\":\"WebSite\",\"@id\":\"http:\\\/\\\/www.sindipetroba.org.br\\\/2019\\\/#website\",\"url\":\"http:\\\/\\\/www.sindipetroba.org.br\\\/2019\\\/\",\"name\":\"Sindipetro BA\",\"description\":\"Sindicato dos Petroleiros e Petroleiras do Estado da Bahia\",\"publisher\":{\"@id\":\"http:\\\/\\\/www.sindipetroba.org.br\\\/2019\\\/#organization\"},\"potentialAction\":[{\"@type\":\"SearchAction\",\"target\":{\"@type\":\"EntryPoint\",\"urlTemplate\":\"http:\\\/\\\/www.sindipetroba.org.br\\\/2019\\\/?s={search_term_string}\"},\"query-input\":{\"@type\":\"PropertyValueSpecification\",\"valueRequired\":true,\"valueName\":\"search_term_string\"}}],\"inLanguage\":\"pt-BR\"},{\"@type\":\"Organization\",\"@id\":\"http:\\\/\\\/www.sindipetroba.org.br\\\/2019\\\/#organization\",\"name\":\"Sindipetro BA\",\"url\":\"http:\\\/\\\/www.sindipetroba.org.br\\\/2019\\\/\",\"logo\":{\"@type\":\"ImageObject\",\"inLanguage\":\"pt-BR\",\"@id\":\"http:\\\/\\\/www.sindipetroba.org.br\\\/2019\\\/#\\\/schema\\\/logo\\\/image\\\/\",\"url\":\"http:\\\/\\\/www.sindipetroba.org.br\\\/2019\\\/wp-content\\\/uploads\\\/2019\\\/01\\\/sindipetro-marca-cor.png\",\"contentUrl\":\"http:\\\/\\\/www.sindipetroba.org.br\\\/2019\\\/wp-content\\\/uploads\\\/2019\\\/01\\\/sindipetro-marca-cor.png\",\"width\":350,\"height\":126,\"caption\":\"Sindipetro BA\"},\"image\":{\"@id\":\"http:\\\/\\\/www.sindipetroba.org.br\\\/2019\\\/#\\\/schema\\\/logo\\\/image\\\/\"},\"sameAs\":[\"https:\\\/\\\/www.facebook.com\\\/sindipetroBa\\\/\",\"https:\\\/\\\/x.com\\\/SindipetroBahia\",\"https:\\\/\\\/www.instagram.com\\\/sindipetroba\\\/\",\"https:\\\/\\\/www.youtube.com\\\/c\\\/SindipetroBahiaOficial\"]}]}<\/script>\n<!-- \/ Yoast SEO plugin. -->","yoast_head_json":{"title":"An\u00e1lise | Redu\u00e7\u00e3o de royalties de pequenas e m\u00e9dias empresas: qual o impacto para os estados? - Sindipetro BA","robots":{"index":"index","follow":"follow","max-snippet":"max-snippet:-1","max-image-preview":"max-image-preview:large","max-video-preview":"max-video-preview:-1"},"canonical":"http:\/\/www.sindipetroba.org.br\/2019\/analise-reducao-de-royalties-de-pequenas-e-medias-empresas-qual-o-impacto-para-os-estados\/","og_locale":"pt_BR","og_type":"article","og_title":"An\u00e1lise | Redu\u00e7\u00e3o de royalties de pequenas e m\u00e9dias empresas: qual o impacto para os estados? - Sindipetro BA","og_description":"Recentemente, a Ag\u00eancia Nacional de Petr\u00f3leo, G\u00e1s Natural e Biocombust\u00edveis (ANP) aprovou, em 23 de setembro de 2021, a publica\u00e7\u00e3o da resolu\u00e7\u00e3o que regulamentar\u00e1 a redu\u00e7\u00e3o da al\u00edquota de royalties como incentivo \u00e0s empresas de pequeno e m\u00e9dio porte (PMEs). \u201cOs royalties s\u00e3o uma compensa\u00e7\u00e3o financeira devida \u00e0 Uni\u00e3o aos estados, ao DF, e aos... Ver artigo","og_url":"http:\/\/www.sindipetroba.org.br\/2019\/analise-reducao-de-royalties-de-pequenas-e-medias-empresas-qual-o-impacto-para-os-estados\/","og_site_name":"Sindipetro BA","article_publisher":"https:\/\/www.facebook.com\/sindipetroBa\/","og_image":[{"width":800,"height":550,"url":"http:\/\/www.sindipetroba.org.br\/2019\/wp-content\/uploads\/2021\/10\/image_processing20200421-23357-vpyvo8.jpeg","type":"image\/jpeg"}],"twitter_card":"summary_large_image","twitter_site":"@SindipetroBahia","twitter_misc":{"Est. tempo de leitura":"3 minutos"},"schema":{"@context":"https:\/\/schema.org","@graph":[{"@type":"WebPage","@id":"http:\/\/www.sindipetroba.org.br\/2019\/analise-reducao-de-royalties-de-pequenas-e-medias-empresas-qual-o-impacto-para-os-estados\/","url":"http:\/\/www.sindipetroba.org.br\/2019\/analise-reducao-de-royalties-de-pequenas-e-medias-empresas-qual-o-impacto-para-os-estados\/","name":"An\u00e1lise | Redu\u00e7\u00e3o de royalties de pequenas e m\u00e9dias empresas: qual o impacto para os estados? - Sindipetro BA","isPartOf":{"@id":"http:\/\/www.sindipetroba.org.br\/2019\/#website"},"primaryImageOfPage":{"@id":"http:\/\/www.sindipetroba.org.br\/2019\/analise-reducao-de-royalties-de-pequenas-e-medias-empresas-qual-o-impacto-para-os-estados\/#primaryimage"},"image":{"@id":"http:\/\/www.sindipetroba.org.br\/2019\/analise-reducao-de-royalties-de-pequenas-e-medias-empresas-qual-o-impacto-para-os-estados\/#primaryimage"},"thumbnailUrl":"http:\/\/www.sindipetroba.org.br\/2019\/wp-content\/uploads\/2021\/10\/image_processing20200421-23357-vpyvo8.jpeg","datePublished":"2021-10-08T14:59:50+00:00","breadcrumb":{"@id":"http:\/\/www.sindipetroba.org.br\/2019\/analise-reducao-de-royalties-de-pequenas-e-medias-empresas-qual-o-impacto-para-os-estados\/#breadcrumb"},"inLanguage":"pt-BR","potentialAction":[{"@type":"ReadAction","target":["http:\/\/www.sindipetroba.org.br\/2019\/analise-reducao-de-royalties-de-pequenas-e-medias-empresas-qual-o-impacto-para-os-estados\/"]}]},{"@type":"ImageObject","inLanguage":"pt-BR","@id":"http:\/\/www.sindipetroba.org.br\/2019\/analise-reducao-de-royalties-de-pequenas-e-medias-empresas-qual-o-impacto-para-os-estados\/#primaryimage","url":"http:\/\/www.sindipetroba.org.br\/2019\/wp-content\/uploads\/2021\/10\/image_processing20200421-23357-vpyvo8.jpeg","contentUrl":"http:\/\/www.sindipetroba.org.br\/2019\/wp-content\/uploads\/2021\/10\/image_processing20200421-23357-vpyvo8.jpeg","width":800,"height":550},{"@type":"BreadcrumbList","@id":"http:\/\/www.sindipetroba.org.br\/2019\/analise-reducao-de-royalties-de-pequenas-e-medias-empresas-qual-o-impacto-para-os-estados\/#breadcrumb","itemListElement":[{"@type":"ListItem","position":1,"name":"In\u00edcio","item":"http:\/\/www.sindipetroba.org.br\/2019\/"},{"@type":"ListItem","position":2,"name":"An\u00e1lise | Redu\u00e7\u00e3o de royalties de pequenas e m\u00e9dias empresas: qual o impacto para os estados?"}]},{"@type":"WebSite","@id":"http:\/\/www.sindipetroba.org.br\/2019\/#website","url":"http:\/\/www.sindipetroba.org.br\/2019\/","name":"Sindipetro BA","description":"Sindicato dos Petroleiros e Petroleiras do Estado da Bahia","publisher":{"@id":"http:\/\/www.sindipetroba.org.br\/2019\/#organization"},"potentialAction":[{"@type":"SearchAction","target":{"@type":"EntryPoint","urlTemplate":"http:\/\/www.sindipetroba.org.br\/2019\/?s={search_term_string}"},"query-input":{"@type":"PropertyValueSpecification","valueRequired":true,"valueName":"search_term_string"}}],"inLanguage":"pt-BR"},{"@type":"Organization","@id":"http:\/\/www.sindipetroba.org.br\/2019\/#organization","name":"Sindipetro BA","url":"http:\/\/www.sindipetroba.org.br\/2019\/","logo":{"@type":"ImageObject","inLanguage":"pt-BR","@id":"http:\/\/www.sindipetroba.org.br\/2019\/#\/schema\/logo\/image\/","url":"http:\/\/www.sindipetroba.org.br\/2019\/wp-content\/uploads\/2019\/01\/sindipetro-marca-cor.png","contentUrl":"http:\/\/www.sindipetroba.org.br\/2019\/wp-content\/uploads\/2019\/01\/sindipetro-marca-cor.png","width":350,"height":126,"caption":"Sindipetro BA"},"image":{"@id":"http:\/\/www.sindipetroba.org.br\/2019\/#\/schema\/logo\/image\/"},"sameAs":["https:\/\/www.facebook.com\/sindipetroBa\/","https:\/\/x.com\/SindipetroBahia","https:\/\/www.instagram.com\/sindipetroba\/","https:\/\/www.youtube.com\/c\/SindipetroBahiaOficial"]}]}},"_links":{"self":[{"href":"http:\/\/www.sindipetroba.org.br\/2019\/wp-json\/wp\/v2\/pages\/14938","targetHints":{"allow":["GET"]}}],"collection":[{"href":"http:\/\/www.sindipetroba.org.br\/2019\/wp-json\/wp\/v2\/pages"}],"about":[{"href":"http:\/\/www.sindipetroba.org.br\/2019\/wp-json\/wp\/v2\/types\/page"}],"author":[{"embeddable":true,"href":"http:\/\/www.sindipetroba.org.br\/2019\/wp-json\/wp\/v2\/users\/1"}],"replies":[{"embeddable":true,"href":"http:\/\/www.sindipetroba.org.br\/2019\/wp-json\/wp\/v2\/comments?post=14938"}],"version-history":[{"count":1,"href":"http:\/\/www.sindipetroba.org.br\/2019\/wp-json\/wp\/v2\/pages\/14938\/revisions"}],"predecessor-version":[{"id":14940,"href":"http:\/\/www.sindipetroba.org.br\/2019\/wp-json\/wp\/v2\/pages\/14938\/revisions\/14940"}],"wp:featuredmedia":[{"embeddable":true,"href":"http:\/\/www.sindipetroba.org.br\/2019\/wp-json\/wp\/v2\/media\/14939"}],"wp:attachment":[{"href":"http:\/\/www.sindipetroba.org.br\/2019\/wp-json\/wp\/v2\/media?parent=14938"}],"curies":[{"name":"wp","href":"https:\/\/api.w.org\/{rel}","templated":true}]}}