{"id":24930,"date":"2024-06-25T11:04:05","date_gmt":"2024-06-25T14:04:05","guid":{"rendered":"http:\/\/www.sindipetroba.org.br\/2019\/?page_id=24930"},"modified":"2024-06-26T00:49:42","modified_gmt":"2024-06-26T03:49:42","slug":"xiii-congresso-ds-petroleiros-da-bahia","status":"publish","type":"page","link":"http:\/\/www.sindipetroba.org.br\/2019\/xiii-congresso-ds-petroleiros-da-bahia\/","title":{"rendered":"XIII Congresso d@s Petroleir@s da Bahia"},"content":{"rendered":"<p>[et_pb_section fb_built=&#8221;1&#8243; fullwidth=&#8221;on&#8221; _builder_version=&#8221;4.25.2&#8243; background_image=&#8221;http:\/\/www.sindipetroba.org.br\/2019\/wp-content\/uploads\/2024\/06\/THUMB-002.jpg&#8221; global_colors_info=&#8221;{}&#8221;][et_pb_fullwidth_post_title meta=&#8221;off&#8221; featured_placement=&#8221;background&#8221; admin_label=&#8221;T\u00edtulo da Publica\u00e7\u00e3o de Largura Inteira&#8221; _builder_version=&#8221;4.25.2&#8243; title_font=&#8221;||||||||&#8221; title_text_color=&#8221;#FFFFFF&#8221; background_color=&#8221;#515151&#8243; background_image=&#8221;http:\/\/www.sindipetroba.org.br\/2019\/wp-content\/uploads\/2024\/06\/THUMB-002.jpg&#8221; custom_padding=&#8221;123px||40px|||&#8221; global_colors_info=&#8221;{}&#8221;]<br \/>\n[\/et_pb_fullwidth_post_title][\/et_pb_section][et_pb_section fb_built=&#8221;1&#8243; _builder_version=&#8221;4.16&#8243; global_colors_info=&#8221;{}&#8221;][et_pb_row _builder_version=&#8221;4.16&#8243; background_size=&#8221;initial&#8221; background_position=&#8221;top_left&#8221; background_repeat=&#8221;repeat&#8221; global_colors_info=&#8221;{}&#8221;][et_pb_column type=&#8221;4_4&#8243; _builder_version=&#8221;4.16&#8243; custom_padding=&#8221;|||&#8221; global_colors_info=&#8221;{}&#8221; custom_padding__hover=&#8221;|||&#8221;][et_pb_text _builder_version=&#8221;4.25.2&#8243; hover_enabled=&#8221;0&#8243; global_colors_info=&#8221;{}&#8221; sticky_enabled=&#8221;0&#8243;]<\/p>\n<p style=\"text-align: center;\">O <strong>13\u00ba Congresso dos Petroleiros da Bahia<\/strong> acontece de forma presencial pela segunda vez desde a pandemia. O evento ser\u00e1 realizado no pr\u00f3ximo fim de semana, reunindo petroleiros ativos, aposentados e pensionistas.<\/p>\n<p style=\"text-align: center;\">A participa\u00e7\u00e3o desses diversos grupos promete enriquecer os debates e contribuir para a ampla representatividade do congresso.<\/p>\n<p>[\/et_pb_text][\/et_pb_column][\/et_pb_row][\/et_pb_section][et_pb_section fb_built=&#8221;1&#8243; _builder_version=&#8221;4.16&#8243; custom_padding=&#8221;40px|0px|40px|0px|true|false&#8221; global_colors_info=&#8221;{}&#8221;][et_pb_row _builder_version=&#8221;4.16&#8243; background_size=&#8221;initial&#8221; background_position=&#8221;top_left&#8221; background_repeat=&#8221;repeat&#8221; border_color_all=&#8221;#d8242f&#8221; border_width_top=&#8221;3px&#8221; global_colors_info=&#8221;{}&#8221;][et_pb_column type=&#8221;4_4&#8243; _builder_version=&#8221;4.16&#8243; custom_padding=&#8221;|||&#8221; global_colors_info=&#8221;{}&#8221; custom_padding__hover=&#8221;|||&#8221;][et_pb_text _builder_version=&#8221;4.16&#8243; global_colors_info=&#8221;{}&#8221;]<\/p>\n<h3>Cadernos<\/h3>\n<p>[\/et_pb_text][\/et_pb_column][\/et_pb_row][et_pb_row _builder_version=&#8221;4.25.2&#8243; background_size=&#8221;initial&#8221; background_position=&#8221;top_left&#8221; background_repeat=&#8221;repeat&#8221; custom_padding=&#8221;0|0px|0|0px|true|false&#8221; link_option_url=&#8221;http:\/\/www.sindipetroba.org.br\/2019\/wp-content\/uploads\/2024\/06\/CADERNO-DE-TESES-2024.pdf&#8221; global_colors_info=&#8221;{}&#8221;][et_pb_column type=&#8221;4_4&#8243; _builder_version=&#8221;4.16&#8243; custom_padding=&#8221;|||&#8221; global_colors_info=&#8221;{}&#8221; custom_padding__hover=&#8221;|||&#8221;][et_pb_blurb title=&#8221;Caderno de Teses&#8221; url=&#8221;http:\/\/www.sindipetroba.org.br\/2019\/wp-content\/uploads\/2024\/06\/CADERNO-DE-TESES-2024-FINAL.pdf&#8221; url_new_window=&#8221;on&#8221; image=&#8221;http:\/\/www.sindipetroba.org.br\/2019\/wp-content\/uploads\/2018\/10\/icone_pdf.png&#8221; icon_placement=&#8221;left&#8221; content_max_width=&#8221;750px&#8221; admin_label=&#8221;Teses 8\u00ba Congresso&#8221; _builder_version=&#8221;4.25.2&#8243; custom_css_main_element=&#8221;float: left;||clear: both;&#8221; custom_css_blurb_image=&#8221;width: 60px;&#8221; custom_css_blurb_title=&#8221;margin-top: 10px&#8221; global_colors_info=&#8221;{}&#8221;][\/et_pb_blurb][\/et_pb_column][\/et_pb_row][\/et_pb_section][et_pb_section fb_built=&#8221;1&#8243; _builder_version=&#8221;4.16&#8243; custom_padding=&#8221;40px|0px|40px|0px|true|false&#8221; global_colors_info=&#8221;{}&#8221;][et_pb_row _builder_version=&#8221;4.16&#8243; background_size=&#8221;initial&#8221; background_position=&#8221;top_left&#8221; background_repeat=&#8221;repeat&#8221; border_color_all=&#8221;#d8242f&#8221; border_width_top=&#8221;3px&#8221; global_colors_info=&#8221;{}&#8221;][et_pb_column type=&#8221;4_4&#8243; _builder_version=&#8221;4.16&#8243; custom_padding=&#8221;|||&#8221; global_colors_info=&#8221;{}&#8221; custom_padding__hover=&#8221;|||&#8221;][et_pb_text _builder_version=&#8221;4.16&#8243; global_colors_info=&#8221;{}&#8221;]<\/p>\n<h3>Documentos<\/h3>\n<p>[\/et_pb_text][\/et_pb_column][\/et_pb_row][et_pb_row _builder_version=&#8221;4.17.4&#8243; background_size=&#8221;initial&#8221; background_position=&#8221;top_left&#8221; background_repeat=&#8221;repeat&#8221; custom_margin=&#8221;-2px|auto||auto||&#8221; custom_padding=&#8221;0|0px|0|0px|true|false&#8221; global_colors_info=&#8221;{}&#8221;][et_pb_column type=&#8221;4_4&#8243; _builder_version=&#8221;4.16&#8243; custom_padding=&#8221;|||&#8221; global_colors_info=&#8221;{}&#8221; custom_padding__hover=&#8221;|||&#8221;][et_pb_blurb title=&#8221;Edital de Retifica\u00e7\u00e3o do XIII Congresso dos Petroleiros do Estado da Bahia&#8221; url=&#8221;http:\/\/www.sindipetroba.org.br\/2019\/wp-content\/uploads\/2024\/06\/retifica-EDITAL-DE-CONVOCACAO-CONGRESSO-2024.pdf&#8221; url_new_window=&#8221;on&#8221; image=&#8221;http:\/\/www.sindipetroba.org.br\/2019\/wp-content\/uploads\/2018\/10\/icone_pdf.png&#8221; icon_placement=&#8221;left&#8221; content_max_width=&#8221;750px&#8221; admin_label=&#8221;Teses 8\u00ba Congresso&#8221; _builder_version=&#8221;4.25.2&#8243; custom_css_main_element=&#8221;float: left;||clear: both;&#8221; custom_css_blurb_image=&#8221;width: 60px;&#8221; custom_css_blurb_title=&#8221;margin-top: 10px&#8221; global_colors_info=&#8221;{}&#8221;][\/et_pb_blurb][et_pb_blurb title=&#8221;Edital de Convoca\u00e7\u00e3o do XIII Congresso dos Petroleiros do Estado da Bahia&#8221; url=&#8221;http:\/\/www.sindipetroba.org.br\/2019\/wp-content\/uploads\/2024\/04\/EDITAL-DE-CONVOCACAO-CONGRESSO-2024-2.pdf&#8221; url_new_window=&#8221;on&#8221; image=&#8221;http:\/\/www.sindipetroba.org.br\/2019\/wp-content\/uploads\/2018\/10\/icone_pdf.png&#8221; icon_placement=&#8221;left&#8221; content_max_width=&#8221;750px&#8221; admin_label=&#8221;Teses 8\u00ba Congresso&#8221; _builder_version=&#8221;4.25.2&#8243; custom_css_main_element=&#8221;float: left;||clear: both;&#8221; custom_css_blurb_image=&#8221;width: 60px;&#8221; custom_css_blurb_title=&#8221;margin-top: 10px&#8221; global_colors_info=&#8221;{}&#8221;][\/et_pb_blurb][\/et_pb_column][\/et_pb_row][\/et_pb_section][et_pb_section fb_built=&#8221;1&#8243; _builder_version=&#8221;4.16&#8243; custom_padding=&#8221;40px|0px|40px|0px|true|false&#8221; global_colors_info=&#8221;{}&#8221;][et_pb_row _builder_version=&#8221;4.16&#8243; background_size=&#8221;initial&#8221; background_position=&#8221;top_left&#8221; background_repeat=&#8221;repeat&#8221; border_color_all=&#8221;#d8242f&#8221; border_width_top=&#8221;3px&#8221; global_colors_info=&#8221;{}&#8221;][et_pb_column type=&#8221;4_4&#8243; _builder_version=&#8221;4.16&#8243; custom_padding=&#8221;|||&#8221; global_colors_info=&#8221;{}&#8221; custom_padding__hover=&#8221;|||&#8221;][et_pb_text _builder_version=&#8221;4.16&#8243; global_colors_info=&#8221;{}&#8221;]<\/p>\n<h3>Not\u00edcias<\/h3>\n<p>[\/et_pb_text][\/et_pb_column][\/et_pb_row][et_pb_row _builder_version=&#8221;4.16&#8243; background_size=&#8221;initial&#8221; background_position=&#8221;top_left&#8221; background_repeat=&#8221;repeat&#8221; global_colors_info=&#8221;{}&#8221;][et_pb_column type=&#8221;4_4&#8243; _builder_version=&#8221;4.16&#8243; custom_padding=&#8221;|||&#8221; global_colors_info=&#8221;{}&#8221; custom_padding__hover=&#8221;|||&#8221;][et_pb_blog fullwidth=&#8221;off&#8221; include_categories=&#8221;3077&#8243; show_author=&#8221;off&#8221; show_categories=&#8221;off&#8221; _builder_version=&#8221;4.25.2&#8243; global_colors_info=&#8221;{}&#8221;]<br \/>\n[\/et_pb_blog][\/et_pb_column][\/et_pb_row][\/et_pb_section][et_pb_section fb_built=&#8221;1&#8243; _builder_version=&#8221;4.16&#8243; global_colors_info=&#8221;{}&#8221;][et_pb_row _builder_version=&#8221;4.16&#8243; background_size=&#8221;initial&#8221; background_position=&#8221;top_left&#8221; background_repeat=&#8221;repeat&#8221; global_colors_info=&#8221;{}&#8221;][et_pb_column type=&#8221;4_4&#8243; _builder_version=&#8221;4.16&#8243; custom_padding=&#8221;|||&#8221; global_colors_info=&#8221;{}&#8221; custom_padding__hover=&#8221;|||&#8221;][\/et_pb_column][\/et_pb_row][\/et_pb_section]<\/p>\n","protected":false},"excerpt":{"rendered":"<p>O 13\u00ba Congresso dos Petroleiros da Bahia acontece de&#8230;<\/p>\n","protected":false},"author":4,"featured_media":0,"parent":0,"menu_order":0,"comment_status":"closed","ping_status":"closed","template":"","meta":{"_et_pb_use_builder":"on","_et_pb_old_content":"","_et_gb_content_width":"","footnotes":""},"class_list":["post-24930","page","type-page","status-publish","hentry"],"yoast_head":"<!-- This site is optimized with the Yoast SEO plugin v27.3 - https:\/\/yoast.com\/product\/yoast-seo-wordpress\/ -->\n<title>XIII Congresso d@s Petroleir@s da Bahia - Sindipetro BA<\/title>\n<meta name=\"robots\" content=\"index, follow, max-snippet:-1, max-image-preview:large, max-video-preview:-1\" \/>\n<link rel=\"canonical\" href=\"http:\/\/www.sindipetroba.org.br\/2019\/xiii-congresso-ds-petroleiros-da-bahia\/\" \/>\n<meta property=\"og:locale\" content=\"pt_BR\" \/>\n<meta property=\"og:type\" content=\"article\" \/>\n<meta property=\"og:title\" content=\"XIII Congresso d@s Petroleir@s da Bahia - Sindipetro BA\" \/>\n<meta property=\"og:description\" content=\"O 13\u00ba Congresso dos Petroleiros da Bahia acontece de...\" \/>\n<meta property=\"og:url\" content=\"http:\/\/www.sindipetroba.org.br\/2019\/xiii-congresso-ds-petroleiros-da-bahia\/\" \/>\n<meta property=\"og:site_name\" content=\"Sindipetro BA\" \/>\n<meta property=\"article:publisher\" content=\"https:\/\/www.facebook.com\/sindipetroBa\/\" \/>\n<meta property=\"article:modified_time\" content=\"2024-06-26T03:49:42+00:00\" \/>\n<meta name=\"twitter:card\" content=\"summary_large_image\" \/>\n<meta name=\"twitter:site\" content=\"@SindipetroBahia\" \/>\n<meta name=\"twitter:label1\" content=\"Est. tempo de leitura\" \/>\n\t<meta name=\"twitter:data1\" content=\"3 minutos\" \/>\n<script type=\"application\/ld+json\" class=\"yoast-schema-graph\">{\"@context\":\"https:\\\/\\\/schema.org\",\"@graph\":[{\"@type\":\"WebPage\",\"@id\":\"http:\\\/\\\/www.sindipetroba.org.br\\\/2019\\\/xiii-congresso-ds-petroleiros-da-bahia\\\/\",\"url\":\"http:\\\/\\\/www.sindipetroba.org.br\\\/2019\\\/xiii-congresso-ds-petroleiros-da-bahia\\\/\",\"name\":\"XIII Congresso d@s Petroleir@s da Bahia - Sindipetro BA\",\"isPartOf\":{\"@id\":\"http:\\\/\\\/www.sindipetroba.org.br\\\/2019\\\/#website\"},\"datePublished\":\"2024-06-25T14:04:05+00:00\",\"dateModified\":\"2024-06-26T03:49:42+00:00\",\"breadcrumb\":{\"@id\":\"http:\\\/\\\/www.sindipetroba.org.br\\\/2019\\\/xiii-congresso-ds-petroleiros-da-bahia\\\/#breadcrumb\"},\"inLanguage\":\"pt-BR\",\"potentialAction\":[{\"@type\":\"ReadAction\",\"target\":[\"http:\\\/\\\/www.sindipetroba.org.br\\\/2019\\\/xiii-congresso-ds-petroleiros-da-bahia\\\/\"]}]},{\"@type\":\"BreadcrumbList\",\"@id\":\"http:\\\/\\\/www.sindipetroba.org.br\\\/2019\\\/xiii-congresso-ds-petroleiros-da-bahia\\\/#breadcrumb\",\"itemListElement\":[{\"@type\":\"ListItem\",\"position\":1,\"name\":\"In\u00edcio\",\"item\":\"http:\\\/\\\/www.sindipetroba.org.br\\\/2019\\\/\"},{\"@type\":\"ListItem\",\"position\":2,\"name\":\"XIII Congresso d@s Petroleir@s da Bahia\"}]},{\"@type\":\"WebSite\",\"@id\":\"http:\\\/\\\/www.sindipetroba.org.br\\\/2019\\\/#website\",\"url\":\"http:\\\/\\\/www.sindipetroba.org.br\\\/2019\\\/\",\"name\":\"Sindipetro BA\",\"description\":\"Sindicato dos Petroleiros e Petroleiras do Estado da Bahia\",\"publisher\":{\"@id\":\"http:\\\/\\\/www.sindipetroba.org.br\\\/2019\\\/#organization\"},\"potentialAction\":[{\"@type\":\"SearchAction\",\"target\":{\"@type\":\"EntryPoint\",\"urlTemplate\":\"http:\\\/\\\/www.sindipetroba.org.br\\\/2019\\\/?s={search_term_string}\"},\"query-input\":{\"@type\":\"PropertyValueSpecification\",\"valueRequired\":true,\"valueName\":\"search_term_string\"}}],\"inLanguage\":\"pt-BR\"},{\"@type\":\"Organization\",\"@id\":\"http:\\\/\\\/www.sindipetroba.org.br\\\/2019\\\/#organization\",\"name\":\"Sindipetro BA\",\"url\":\"http:\\\/\\\/www.sindipetroba.org.br\\\/2019\\\/\",\"logo\":{\"@type\":\"ImageObject\",\"inLanguage\":\"pt-BR\",\"@id\":\"http:\\\/\\\/www.sindipetroba.org.br\\\/2019\\\/#\\\/schema\\\/logo\\\/image\\\/\",\"url\":\"http:\\\/\\\/www.sindipetroba.org.br\\\/2019\\\/wp-content\\\/uploads\\\/2019\\\/01\\\/sindipetro-marca-cor.png\",\"contentUrl\":\"http:\\\/\\\/www.sindipetroba.org.br\\\/2019\\\/wp-content\\\/uploads\\\/2019\\\/01\\\/sindipetro-marca-cor.png\",\"width\":350,\"height\":126,\"caption\":\"Sindipetro BA\"},\"image\":{\"@id\":\"http:\\\/\\\/www.sindipetroba.org.br\\\/2019\\\/#\\\/schema\\\/logo\\\/image\\\/\"},\"sameAs\":[\"https:\\\/\\\/www.facebook.com\\\/sindipetroBa\\\/\",\"https:\\\/\\\/x.com\\\/SindipetroBahia\",\"https:\\\/\\\/www.instagram.com\\\/sindipetroba\\\/\",\"https:\\\/\\\/www.youtube.com\\\/c\\\/SindipetroBahiaOficial\"]}]}<\/script>\n<!-- \/ Yoast SEO plugin. -->","yoast_head_json":{"title":"XIII Congresso d@s Petroleir@s da Bahia - Sindipetro BA","robots":{"index":"index","follow":"follow","max-snippet":"max-snippet:-1","max-image-preview":"max-image-preview:large","max-video-preview":"max-video-preview:-1"},"canonical":"http:\/\/www.sindipetroba.org.br\/2019\/xiii-congresso-ds-petroleiros-da-bahia\/","og_locale":"pt_BR","og_type":"article","og_title":"XIII Congresso d@s Petroleir@s da Bahia - Sindipetro BA","og_description":"O 13\u00ba Congresso dos Petroleiros da Bahia acontece de...","og_url":"http:\/\/www.sindipetroba.org.br\/2019\/xiii-congresso-ds-petroleiros-da-bahia\/","og_site_name":"Sindipetro BA","article_publisher":"https:\/\/www.facebook.com\/sindipetroBa\/","article_modified_time":"2024-06-26T03:49:42+00:00","twitter_card":"summary_large_image","twitter_site":"@SindipetroBahia","twitter_misc":{"Est. tempo de leitura":"3 minutos"},"schema":{"@context":"https:\/\/schema.org","@graph":[{"@type":"WebPage","@id":"http:\/\/www.sindipetroba.org.br\/2019\/xiii-congresso-ds-petroleiros-da-bahia\/","url":"http:\/\/www.sindipetroba.org.br\/2019\/xiii-congresso-ds-petroleiros-da-bahia\/","name":"XIII Congresso d@s Petroleir@s da Bahia - Sindipetro BA","isPartOf":{"@id":"http:\/\/www.sindipetroba.org.br\/2019\/#website"},"datePublished":"2024-06-25T14:04:05+00:00","dateModified":"2024-06-26T03:49:42+00:00","breadcrumb":{"@id":"http:\/\/www.sindipetroba.org.br\/2019\/xiii-congresso-ds-petroleiros-da-bahia\/#breadcrumb"},"inLanguage":"pt-BR","potentialAction":[{"@type":"ReadAction","target":["http:\/\/www.sindipetroba.org.br\/2019\/xiii-congresso-ds-petroleiros-da-bahia\/"]}]},{"@type":"BreadcrumbList","@id":"http:\/\/www.sindipetroba.org.br\/2019\/xiii-congresso-ds-petroleiros-da-bahia\/#breadcrumb","itemListElement":[{"@type":"ListItem","position":1,"name":"In\u00edcio","item":"http:\/\/www.sindipetroba.org.br\/2019\/"},{"@type":"ListItem","position":2,"name":"XIII Congresso d@s Petroleir@s da Bahia"}]},{"@type":"WebSite","@id":"http:\/\/www.sindipetroba.org.br\/2019\/#website","url":"http:\/\/www.sindipetroba.org.br\/2019\/","name":"Sindipetro BA","description":"Sindicato dos Petroleiros e Petroleiras do Estado da Bahia","publisher":{"@id":"http:\/\/www.sindipetroba.org.br\/2019\/#organization"},"potentialAction":[{"@type":"SearchAction","target":{"@type":"EntryPoint","urlTemplate":"http:\/\/www.sindipetroba.org.br\/2019\/?s={search_term_string}"},"query-input":{"@type":"PropertyValueSpecification","valueRequired":true,"valueName":"search_term_string"}}],"inLanguage":"pt-BR"},{"@type":"Organization","@id":"http:\/\/www.sindipetroba.org.br\/2019\/#organization","name":"Sindipetro BA","url":"http:\/\/www.sindipetroba.org.br\/2019\/","logo":{"@type":"ImageObject","inLanguage":"pt-BR","@id":"http:\/\/www.sindipetroba.org.br\/2019\/#\/schema\/logo\/image\/","url":"http:\/\/www.sindipetroba.org.br\/2019\/wp-content\/uploads\/2019\/01\/sindipetro-marca-cor.png","contentUrl":"http:\/\/www.sindipetroba.org.br\/2019\/wp-content\/uploads\/2019\/01\/sindipetro-marca-cor.png","width":350,"height":126,"caption":"Sindipetro BA"},"image":{"@id":"http:\/\/www.sindipetroba.org.br\/2019\/#\/schema\/logo\/image\/"},"sameAs":["https:\/\/www.facebook.com\/sindipetroBa\/","https:\/\/x.com\/SindipetroBahia","https:\/\/www.instagram.com\/sindipetroba\/","https:\/\/www.youtube.com\/c\/SindipetroBahiaOficial"]}]}},"_links":{"self":[{"href":"http:\/\/www.sindipetroba.org.br\/2019\/wp-json\/wp\/v2\/pages\/24930","targetHints":{"allow":["GET"]}}],"collection":[{"href":"http:\/\/www.sindipetroba.org.br\/2019\/wp-json\/wp\/v2\/pages"}],"about":[{"href":"http:\/\/www.sindipetroba.org.br\/2019\/wp-json\/wp\/v2\/types\/page"}],"author":[{"embeddable":true,"href":"http:\/\/www.sindipetroba.org.br\/2019\/wp-json\/wp\/v2\/users\/4"}],"replies":[{"embeddable":true,"href":"http:\/\/www.sindipetroba.org.br\/2019\/wp-json\/wp\/v2\/comments?post=24930"}],"version-history":[{"count":13,"href":"http:\/\/www.sindipetroba.org.br\/2019\/wp-json\/wp\/v2\/pages\/24930\/revisions"}],"predecessor-version":[{"id":25055,"href":"http:\/\/www.sindipetroba.org.br\/2019\/wp-json\/wp\/v2\/pages\/24930\/revisions\/25055"}],"wp:attachment":[{"href":"http:\/\/www.sindipetroba.org.br\/2019\/wp-json\/wp\/v2\/media?parent=24930"}],"curies":[{"name":"wp","href":"https:\/\/api.w.org\/{rel}","templated":true}]}}