{"id":24985,"date":"2024-06-25T11:55:54","date_gmt":"2024-06-25T14:55:54","guid":{"rendered":"http:\/\/www.sindipetroba.org.br\/2019\/?page_id=24985"},"modified":"2024-06-25T12:14:32","modified_gmt":"2024-06-25T15:14:32","slug":"greve-de-2015","status":"publish","type":"page","link":"http:\/\/www.sindipetroba.org.br\/2019\/o-sindicato\/greves\/greve-de-2015\/","title":{"rendered":"Greve de 2015"},"content":{"rendered":"<p>[et_pb_section fb_built=&#8221;1&#8243; admin_label=&#8221;section&#8221; _builder_version=&#8221;4.16&#8243; global_colors_info=&#8221;{}&#8221;][et_pb_row admin_label=&#8221;row&#8221; _builder_version=&#8221;4.16&#8243; background_size=&#8221;initial&#8221; background_position=&#8221;top_left&#8221; background_repeat=&#8221;repeat&#8221; global_colors_info=&#8221;{}&#8221;][et_pb_column type=&#8221;4_4&#8243; _builder_version=&#8221;4.16&#8243; custom_padding=&#8221;|||&#8221; global_colors_info=&#8221;{}&#8221; custom_padding__hover=&#8221;|||&#8221;][et_pb_text admin_label=&#8221;Text&#8221; _builder_version=&#8221;4.25.2&#8243; background_size=&#8221;initial&#8221; background_position=&#8221;top_left&#8221; background_repeat=&#8221;repeat&#8221; hover_enabled=&#8221;0&#8243; global_colors_info=&#8221;{}&#8221; sticky_enabled=&#8221;0&#8243;]<\/p>\n<h2>Greve de 2015<\/h2>\n<p>[\/et_pb_text][et_pb_text admin_label=&#8221;Text&#8221; _builder_version=&#8221;4.16&#8243; background_size=&#8221;initial&#8221; background_position=&#8221;top_left&#8221; background_repeat=&#8221;repeat&#8221; global_colors_info=&#8221;{}&#8221;]<\/p>\n<p>Era novembro de 2015. Os trabalhadores tentavam conter os cortes e os desinvestimentos previstos para a Petrobr\u00e1s no Plano de Neg\u00f3cios e Gest\u00e3o 2015-2019. A empresa e o pr\u00e9-sal estavam sob ataque da opera\u00e7\u00e3o Lava Jato e dos grupos pol\u00edticos e econ\u00f4micos que agiam dentro e fora do pa\u00eds contra a presidenta Dilma Rousseff, de olho no petr\u00f3leo brasileiro. Foi nesse contexto, que os petroleiros entraram em greve em defesa da Petrobr\u00e1s p\u00fablica e dos empregos.<\/p>\n<p>Em vez de uma pauta salarial e corporativa, os petroleiros aprovaram a\u00a0Pauta pelo Brasil, com propostas para manter os empregos, os investimentos estruturantes e a integra\u00e7\u00e3o da empresa. Houve uma forte repress\u00e3o na Bahia, onde o ent\u00e3o coordenador do Sindipetro, Deyvid Bacelar, foi preso em frente \u00e0 RLAM. A greve come\u00e7ou no dia 01\/11\/2015 chegando a durar at\u00e9 22 dias em algumas bases, com ades\u00e3o em todos os sindicatos da FUP. A paralisa\u00e7\u00e3o afetou a produ\u00e7\u00e3o de petr\u00f3leo e g\u00e1s no pa\u00eds. \u00a0Foi um dos principais movimentos pol\u00edticos conduzidos pela categoria em defesa da Petrobr\u00e1s e da soberania nacional. Foi tamb\u00e9m a primeira grande greve dos trabalhadores que ingressaram na empresa a partir dos anos 2000.<\/p>\n<p>[\/et_pb_text][\/et_pb_column][\/et_pb_row][\/et_pb_section]<\/p>\n","protected":false},"excerpt":{"rendered":"<p>Greve de 2015 Era novembro de 2015. Os trabalhadores&#8230;<\/p>\n","protected":false},"author":4,"featured_media":0,"parent":24969,"menu_order":0,"comment_status":"closed","ping_status":"closed","template":"","meta":{"_et_pb_use_builder":"on","_et_pb_old_content":"Era novembro de 2015. Os trabalhadores tentavam conter os cortes e os desinvestimentos previstos para a Petrobr\u00e1s no Plano de Neg\u00f3cios e Gest\u00e3o 2015-2019. A empresa e o pr\u00e9-sal estavam sob ataque da opera\u00e7\u00e3o Lava Jato e dos grupos pol\u00edticos e econ\u00f4micos que agiam dentro e fora do pa\u00eds contra a presidenta Dilma Rousseff, de olho no petr\u00f3leo brasileiro. Foi nesse contexto, que os petroleiros entraram em greve em defesa da Petrobr\u00e1s p\u00fablica e dos empregos.\r\n\r\nEm vez de uma pauta salarial e corporativa, os petroleiros aprovaram a\u00a0Pauta pelo Brasil, com propostas para manter os empregos, os investimentos estruturantes e a integra\u00e7\u00e3o da empresa. Houve uma forte repress\u00e3o na Bahia, onde o ent\u00e3o coordenador do Sindipetro, Deyvid Bacelar, foi preso em frente \u00e0 RLAM. A greve come\u00e7ou no dia 01\/11\/2015 chegando a durar at\u00e9 22 dias em algumas bases, com ades\u00e3o em todos os sindicatos da FUP. A paralisa\u00e7\u00e3o afetou a produ\u00e7\u00e3o de petr\u00f3leo e g\u00e1s no pa\u00eds. \u00a0Foi um dos principais movimentos pol\u00edticos conduzidos pela categoria em defesa da Petrobr\u00e1s e da soberania nacional. Foi tamb\u00e9m a primeira grande greve dos trabalhadores que ingressaram na empresa a partir dos anos 2000.","_et_gb_content_width":"","footnotes":""},"class_list":["post-24985","page","type-page","status-publish","hentry"],"yoast_head":"<!-- This site is optimized with the Yoast SEO plugin v27.3 - https:\/\/yoast.com\/product\/yoast-seo-wordpress\/ -->\n<title>Greve de 2015 - Sindipetro BA<\/title>\n<meta name=\"robots\" content=\"index, follow, max-snippet:-1, max-image-preview:large, max-video-preview:-1\" \/>\n<link rel=\"canonical\" href=\"http:\/\/www.sindipetroba.org.br\/2019\/o-sindicato\/greves\/greve-de-2015\/\" \/>\n<meta property=\"og:locale\" content=\"pt_BR\" \/>\n<meta property=\"og:type\" content=\"article\" \/>\n<meta property=\"og:title\" content=\"Greve de 2015 - Sindipetro BA\" \/>\n<meta property=\"og:description\" content=\"Greve de 2015 Era novembro de 2015. Os trabalhadores...\" \/>\n<meta property=\"og:url\" content=\"http:\/\/www.sindipetroba.org.br\/2019\/o-sindicato\/greves\/greve-de-2015\/\" \/>\n<meta property=\"og:site_name\" content=\"Sindipetro BA\" \/>\n<meta property=\"article:publisher\" content=\"https:\/\/www.facebook.com\/sindipetroBa\/\" \/>\n<meta property=\"article:modified_time\" content=\"2024-06-25T15:14:32+00:00\" \/>\n<meta name=\"twitter:card\" content=\"summary_large_image\" \/>\n<meta name=\"twitter:site\" content=\"@SindipetroBahia\" \/>\n<meta name=\"twitter:label1\" content=\"Est. tempo de leitura\" \/>\n\t<meta name=\"twitter:data1\" content=\"2 minutos\" \/>\n<script type=\"application\/ld+json\" class=\"yoast-schema-graph\">{\"@context\":\"https:\\\/\\\/schema.org\",\"@graph\":[{\"@type\":\"WebPage\",\"@id\":\"http:\\\/\\\/www.sindipetroba.org.br\\\/2019\\\/o-sindicato\\\/greves\\\/greve-de-2015\\\/\",\"url\":\"http:\\\/\\\/www.sindipetroba.org.br\\\/2019\\\/o-sindicato\\\/greves\\\/greve-de-2015\\\/\",\"name\":\"Greve de 2015 - Sindipetro BA\",\"isPartOf\":{\"@id\":\"http:\\\/\\\/www.sindipetroba.org.br\\\/2019\\\/#website\"},\"datePublished\":\"2024-06-25T14:55:54+00:00\",\"dateModified\":\"2024-06-25T15:14:32+00:00\",\"breadcrumb\":{\"@id\":\"http:\\\/\\\/www.sindipetroba.org.br\\\/2019\\\/o-sindicato\\\/greves\\\/greve-de-2015\\\/#breadcrumb\"},\"inLanguage\":\"pt-BR\",\"potentialAction\":[{\"@type\":\"ReadAction\",\"target\":[\"http:\\\/\\\/www.sindipetroba.org.br\\\/2019\\\/o-sindicato\\\/greves\\\/greve-de-2015\\\/\"]}]},{\"@type\":\"BreadcrumbList\",\"@id\":\"http:\\\/\\\/www.sindipetroba.org.br\\\/2019\\\/o-sindicato\\\/greves\\\/greve-de-2015\\\/#breadcrumb\",\"itemListElement\":[{\"@type\":\"ListItem\",\"position\":1,\"name\":\"In\u00edcio\",\"item\":\"http:\\\/\\\/www.sindipetroba.org.br\\\/2019\\\/\"},{\"@type\":\"ListItem\",\"position\":2,\"name\":\"O Sindicato\",\"item\":\"http:\\\/\\\/www.sindipetroba.org.br\\\/2019\\\/o-sindicato\\\/\"},{\"@type\":\"ListItem\",\"position\":3,\"name\":\"Greves\",\"item\":\"http:\\\/\\\/www.sindipetroba.org.br\\\/2019\\\/o-sindicato\\\/greves\\\/\"},{\"@type\":\"ListItem\",\"position\":4,\"name\":\"Greve de 2015\"}]},{\"@type\":\"WebSite\",\"@id\":\"http:\\\/\\\/www.sindipetroba.org.br\\\/2019\\\/#website\",\"url\":\"http:\\\/\\\/www.sindipetroba.org.br\\\/2019\\\/\",\"name\":\"Sindipetro BA\",\"description\":\"Sindicato dos Petroleiros e Petroleiras do Estado da Bahia\",\"publisher\":{\"@id\":\"http:\\\/\\\/www.sindipetroba.org.br\\\/2019\\\/#organization\"},\"potentialAction\":[{\"@type\":\"SearchAction\",\"target\":{\"@type\":\"EntryPoint\",\"urlTemplate\":\"http:\\\/\\\/www.sindipetroba.org.br\\\/2019\\\/?s={search_term_string}\"},\"query-input\":{\"@type\":\"PropertyValueSpecification\",\"valueRequired\":true,\"valueName\":\"search_term_string\"}}],\"inLanguage\":\"pt-BR\"},{\"@type\":\"Organization\",\"@id\":\"http:\\\/\\\/www.sindipetroba.org.br\\\/2019\\\/#organization\",\"name\":\"Sindipetro BA\",\"url\":\"http:\\\/\\\/www.sindipetroba.org.br\\\/2019\\\/\",\"logo\":{\"@type\":\"ImageObject\",\"inLanguage\":\"pt-BR\",\"@id\":\"http:\\\/\\\/www.sindipetroba.org.br\\\/2019\\\/#\\\/schema\\\/logo\\\/image\\\/\",\"url\":\"http:\\\/\\\/www.sindipetroba.org.br\\\/2019\\\/wp-content\\\/uploads\\\/2019\\\/01\\\/sindipetro-marca-cor.png\",\"contentUrl\":\"http:\\\/\\\/www.sindipetroba.org.br\\\/2019\\\/wp-content\\\/uploads\\\/2019\\\/01\\\/sindipetro-marca-cor.png\",\"width\":350,\"height\":126,\"caption\":\"Sindipetro BA\"},\"image\":{\"@id\":\"http:\\\/\\\/www.sindipetroba.org.br\\\/2019\\\/#\\\/schema\\\/logo\\\/image\\\/\"},\"sameAs\":[\"https:\\\/\\\/www.facebook.com\\\/sindipetroBa\\\/\",\"https:\\\/\\\/x.com\\\/SindipetroBahia\",\"https:\\\/\\\/www.instagram.com\\\/sindipetroba\\\/\",\"https:\\\/\\\/www.youtube.com\\\/c\\\/SindipetroBahiaOficial\"]}]}<\/script>\n<!-- \/ Yoast SEO plugin. -->","yoast_head_json":{"title":"Greve de 2015 - Sindipetro BA","robots":{"index":"index","follow":"follow","max-snippet":"max-snippet:-1","max-image-preview":"max-image-preview:large","max-video-preview":"max-video-preview:-1"},"canonical":"http:\/\/www.sindipetroba.org.br\/2019\/o-sindicato\/greves\/greve-de-2015\/","og_locale":"pt_BR","og_type":"article","og_title":"Greve de 2015 - Sindipetro BA","og_description":"Greve de 2015 Era novembro de 2015. Os trabalhadores...","og_url":"http:\/\/www.sindipetroba.org.br\/2019\/o-sindicato\/greves\/greve-de-2015\/","og_site_name":"Sindipetro BA","article_publisher":"https:\/\/www.facebook.com\/sindipetroBa\/","article_modified_time":"2024-06-25T15:14:32+00:00","twitter_card":"summary_large_image","twitter_site":"@SindipetroBahia","twitter_misc":{"Est. tempo de leitura":"2 minutos"},"schema":{"@context":"https:\/\/schema.org","@graph":[{"@type":"WebPage","@id":"http:\/\/www.sindipetroba.org.br\/2019\/o-sindicato\/greves\/greve-de-2015\/","url":"http:\/\/www.sindipetroba.org.br\/2019\/o-sindicato\/greves\/greve-de-2015\/","name":"Greve de 2015 - Sindipetro BA","isPartOf":{"@id":"http:\/\/www.sindipetroba.org.br\/2019\/#website"},"datePublished":"2024-06-25T14:55:54+00:00","dateModified":"2024-06-25T15:14:32+00:00","breadcrumb":{"@id":"http:\/\/www.sindipetroba.org.br\/2019\/o-sindicato\/greves\/greve-de-2015\/#breadcrumb"},"inLanguage":"pt-BR","potentialAction":[{"@type":"ReadAction","target":["http:\/\/www.sindipetroba.org.br\/2019\/o-sindicato\/greves\/greve-de-2015\/"]}]},{"@type":"BreadcrumbList","@id":"http:\/\/www.sindipetroba.org.br\/2019\/o-sindicato\/greves\/greve-de-2015\/#breadcrumb","itemListElement":[{"@type":"ListItem","position":1,"name":"In\u00edcio","item":"http:\/\/www.sindipetroba.org.br\/2019\/"},{"@type":"ListItem","position":2,"name":"O Sindicato","item":"http:\/\/www.sindipetroba.org.br\/2019\/o-sindicato\/"},{"@type":"ListItem","position":3,"name":"Greves","item":"http:\/\/www.sindipetroba.org.br\/2019\/o-sindicato\/greves\/"},{"@type":"ListItem","position":4,"name":"Greve de 2015"}]},{"@type":"WebSite","@id":"http:\/\/www.sindipetroba.org.br\/2019\/#website","url":"http:\/\/www.sindipetroba.org.br\/2019\/","name":"Sindipetro BA","description":"Sindicato dos Petroleiros e Petroleiras do Estado da Bahia","publisher":{"@id":"http:\/\/www.sindipetroba.org.br\/2019\/#organization"},"potentialAction":[{"@type":"SearchAction","target":{"@type":"EntryPoint","urlTemplate":"http:\/\/www.sindipetroba.org.br\/2019\/?s={search_term_string}"},"query-input":{"@type":"PropertyValueSpecification","valueRequired":true,"valueName":"search_term_string"}}],"inLanguage":"pt-BR"},{"@type":"Organization","@id":"http:\/\/www.sindipetroba.org.br\/2019\/#organization","name":"Sindipetro BA","url":"http:\/\/www.sindipetroba.org.br\/2019\/","logo":{"@type":"ImageObject","inLanguage":"pt-BR","@id":"http:\/\/www.sindipetroba.org.br\/2019\/#\/schema\/logo\/image\/","url":"http:\/\/www.sindipetroba.org.br\/2019\/wp-content\/uploads\/2019\/01\/sindipetro-marca-cor.png","contentUrl":"http:\/\/www.sindipetroba.org.br\/2019\/wp-content\/uploads\/2019\/01\/sindipetro-marca-cor.png","width":350,"height":126,"caption":"Sindipetro BA"},"image":{"@id":"http:\/\/www.sindipetroba.org.br\/2019\/#\/schema\/logo\/image\/"},"sameAs":["https:\/\/www.facebook.com\/sindipetroBa\/","https:\/\/x.com\/SindipetroBahia","https:\/\/www.instagram.com\/sindipetroba\/","https:\/\/www.youtube.com\/c\/SindipetroBahiaOficial"]}]}},"_links":{"self":[{"href":"http:\/\/www.sindipetroba.org.br\/2019\/wp-json\/wp\/v2\/pages\/24985","targetHints":{"allow":["GET"]}}],"collection":[{"href":"http:\/\/www.sindipetroba.org.br\/2019\/wp-json\/wp\/v2\/pages"}],"about":[{"href":"http:\/\/www.sindipetroba.org.br\/2019\/wp-json\/wp\/v2\/types\/page"}],"author":[{"embeddable":true,"href":"http:\/\/www.sindipetroba.org.br\/2019\/wp-json\/wp\/v2\/users\/4"}],"replies":[{"embeddable":true,"href":"http:\/\/www.sindipetroba.org.br\/2019\/wp-json\/wp\/v2\/comments?post=24985"}],"version-history":[{"count":3,"href":"http:\/\/www.sindipetroba.org.br\/2019\/wp-json\/wp\/v2\/pages\/24985\/revisions"}],"predecessor-version":[{"id":25016,"href":"http:\/\/www.sindipetroba.org.br\/2019\/wp-json\/wp\/v2\/pages\/24985\/revisions\/25016"}],"up":[{"embeddable":true,"href":"http:\/\/www.sindipetroba.org.br\/2019\/wp-json\/wp\/v2\/pages\/24969"}],"wp:attachment":[{"href":"http:\/\/www.sindipetroba.org.br\/2019\/wp-json\/wp\/v2\/media?parent=24985"}],"curies":[{"name":"wp","href":"https:\/\/api.w.org\/{rel}","templated":true}]}}