{"id":24993,"date":"2024-06-25T11:58:25","date_gmt":"2024-06-25T14:58:25","guid":{"rendered":"http:\/\/www.sindipetroba.org.br\/2019\/?page_id=24993"},"modified":"2024-06-25T12:16:21","modified_gmt":"2024-06-25T15:16:21","slug":"greve-de-2018","status":"publish","type":"page","link":"http:\/\/www.sindipetroba.org.br\/2019\/o-sindicato\/greves\/greve-de-2018\/","title":{"rendered":"Greve de 2018"},"content":{"rendered":"<p>[et_pb_section fb_built=&#8221;1&#8243; admin_label=&#8221;section&#8221; _builder_version=&#8221;4.16&#8243; global_colors_info=&#8221;{}&#8221;][et_pb_row admin_label=&#8221;row&#8221; _builder_version=&#8221;4.16&#8243; background_size=&#8221;initial&#8221; background_position=&#8221;top_left&#8221; background_repeat=&#8221;repeat&#8221; global_colors_info=&#8221;{}&#8221;][et_pb_column type=&#8221;4_4&#8243; _builder_version=&#8221;4.16&#8243; custom_padding=&#8221;|||&#8221; global_colors_info=&#8221;{}&#8221; custom_padding__hover=&#8221;|||&#8221;][et_pb_text admin_label=&#8221;Text&#8221; _builder_version=&#8221;4.25.2&#8243; background_size=&#8221;initial&#8221; background_position=&#8221;top_left&#8221; background_repeat=&#8221;repeat&#8221; hover_enabled=&#8221;0&#8243; global_colors_info=&#8221;{}&#8221; sticky_enabled=&#8221;0&#8243;]<\/p>\n<h2>Greve de 2018<\/h2>\n<p>[\/et_pb_text][et_pb_text admin_label=&#8221;Text&#8221; _builder_version=&#8221;4.16&#8243; background_size=&#8221;initial&#8221; background_position=&#8221;top_left&#8221; background_repeat=&#8221;repeat&#8221; global_colors_info=&#8221;{}&#8221;]<\/p>\n<p>A greve teve in\u00edcio no dia 30\/05\/2018. Foi uma greve de advert\u00eancia com dura\u00e7\u00e3o de 72 horas. Os grevistas determinaram a opera\u00e7\u00e3o das refinarias em sua carga m\u00e1xima para evitar o aumento das importa\u00e7\u00f5es de derivados e o fim da pol\u00edtica de ajuste di\u00e1rios de pre\u00e7os, que vinha facilitando a importa\u00e7\u00e3o de combust\u00edveis. Os petroleiros reivindicavam a redu\u00e7\u00e3o dos pre\u00e7os de g\u00e1s de cozinha e dos combust\u00edveis. O movimento nacional se posicionou contra a privatiza\u00e7\u00e3o da Petrobr\u00e1s e pediu a sa\u00edda imediata do presidente da Petrobr\u00e1s, Pedro Parente. Um dia ap\u00f3s o fim da greve Pedro Parente foi demitido da Petrobras, o desligamento foi visto como uma vit\u00f3ria da categoria petroleira.<span class=\"Apple-converted-space\">\u00a0<\/span><\/p>\n<p>[\/et_pb_text][\/et_pb_column][\/et_pb_row][\/et_pb_section]<\/p>\n","protected":false},"excerpt":{"rendered":"<p>Greve de 2018 A greve teve in\u00edcio no dia 30\/05\/2018&#8230;.<\/p>\n","protected":false},"author":4,"featured_media":0,"parent":24969,"menu_order":0,"comment_status":"closed","ping_status":"closed","template":"","meta":{"_et_pb_use_builder":"on","_et_pb_old_content":"A greve teve in\u00edcio no dia 30\/05\/2018. Foi uma greve de advert\u00eancia com dura\u00e7\u00e3o de 72 horas. Os grevistas determinaram a opera\u00e7\u00e3o das refinarias em sua carga m\u00e1xima para evitar o aumento das importa\u00e7\u00f5es de derivados e o fim da pol\u00edtica de ajuste di\u00e1rios de pre\u00e7os, que vinha facilitando a importa\u00e7\u00e3o de combust\u00edveis. Os petroleiros reivindicavam a redu\u00e7\u00e3o dos pre\u00e7os de g\u00e1s de cozinha e dos combust\u00edveis. O movimento nacional se posicionou contra a privatiza\u00e7\u00e3o da Petrobr\u00e1s e pediu a sa\u00edda imediata do presidente da Petrobr\u00e1s, Pedro Parente. Um dia ap\u00f3s o fim da greve Pedro Parente foi demitido da Petrobras, o desligamento foi visto como uma vit\u00f3ria da categoria petroleira.<span class=\"Apple-converted-space\">\u00a0<\/span>","_et_gb_content_width":"","footnotes":""},"class_list":["post-24993","page","type-page","status-publish","hentry"],"yoast_head":"<!-- This site is optimized with the Yoast SEO plugin v27.3 - https:\/\/yoast.com\/product\/yoast-seo-wordpress\/ -->\n<title>Greve de 2018 - Sindipetro BA<\/title>\n<meta name=\"robots\" content=\"index, follow, max-snippet:-1, max-image-preview:large, max-video-preview:-1\" \/>\n<link rel=\"canonical\" href=\"http:\/\/www.sindipetroba.org.br\/2019\/o-sindicato\/greves\/greve-de-2018\/\" \/>\n<meta property=\"og:locale\" content=\"pt_BR\" \/>\n<meta property=\"og:type\" content=\"article\" \/>\n<meta property=\"og:title\" content=\"Greve de 2018 - Sindipetro BA\" \/>\n<meta property=\"og:description\" content=\"Greve de 2018 A greve teve in\u00edcio no dia 30\/05\/2018....\" \/>\n<meta property=\"og:url\" content=\"http:\/\/www.sindipetroba.org.br\/2019\/o-sindicato\/greves\/greve-de-2018\/\" \/>\n<meta property=\"og:site_name\" content=\"Sindipetro BA\" \/>\n<meta property=\"article:publisher\" content=\"https:\/\/www.facebook.com\/sindipetroBa\/\" \/>\n<meta property=\"article:modified_time\" content=\"2024-06-25T15:16:21+00:00\" \/>\n<meta name=\"twitter:card\" content=\"summary_large_image\" \/>\n<meta name=\"twitter:site\" content=\"@SindipetroBahia\" \/>\n<meta name=\"twitter:label1\" content=\"Est. tempo de leitura\" \/>\n\t<meta name=\"twitter:data1\" content=\"1 minuto\" \/>\n<script type=\"application\/ld+json\" class=\"yoast-schema-graph\">{\"@context\":\"https:\\\/\\\/schema.org\",\"@graph\":[{\"@type\":\"WebPage\",\"@id\":\"http:\\\/\\\/www.sindipetroba.org.br\\\/2019\\\/o-sindicato\\\/greves\\\/greve-de-2018\\\/\",\"url\":\"http:\\\/\\\/www.sindipetroba.org.br\\\/2019\\\/o-sindicato\\\/greves\\\/greve-de-2018\\\/\",\"name\":\"Greve de 2018 - Sindipetro BA\",\"isPartOf\":{\"@id\":\"http:\\\/\\\/www.sindipetroba.org.br\\\/2019\\\/#website\"},\"datePublished\":\"2024-06-25T14:58:25+00:00\",\"dateModified\":\"2024-06-25T15:16:21+00:00\",\"breadcrumb\":{\"@id\":\"http:\\\/\\\/www.sindipetroba.org.br\\\/2019\\\/o-sindicato\\\/greves\\\/greve-de-2018\\\/#breadcrumb\"},\"inLanguage\":\"pt-BR\",\"potentialAction\":[{\"@type\":\"ReadAction\",\"target\":[\"http:\\\/\\\/www.sindipetroba.org.br\\\/2019\\\/o-sindicato\\\/greves\\\/greve-de-2018\\\/\"]}]},{\"@type\":\"BreadcrumbList\",\"@id\":\"http:\\\/\\\/www.sindipetroba.org.br\\\/2019\\\/o-sindicato\\\/greves\\\/greve-de-2018\\\/#breadcrumb\",\"itemListElement\":[{\"@type\":\"ListItem\",\"position\":1,\"name\":\"In\u00edcio\",\"item\":\"http:\\\/\\\/www.sindipetroba.org.br\\\/2019\\\/\"},{\"@type\":\"ListItem\",\"position\":2,\"name\":\"O Sindicato\",\"item\":\"http:\\\/\\\/www.sindipetroba.org.br\\\/2019\\\/o-sindicato\\\/\"},{\"@type\":\"ListItem\",\"position\":3,\"name\":\"Greves\",\"item\":\"http:\\\/\\\/www.sindipetroba.org.br\\\/2019\\\/o-sindicato\\\/greves\\\/\"},{\"@type\":\"ListItem\",\"position\":4,\"name\":\"Greve de 2018\"}]},{\"@type\":\"WebSite\",\"@id\":\"http:\\\/\\\/www.sindipetroba.org.br\\\/2019\\\/#website\",\"url\":\"http:\\\/\\\/www.sindipetroba.org.br\\\/2019\\\/\",\"name\":\"Sindipetro BA\",\"description\":\"Sindicato dos Petroleiros e Petroleiras do Estado da Bahia\",\"publisher\":{\"@id\":\"http:\\\/\\\/www.sindipetroba.org.br\\\/2019\\\/#organization\"},\"potentialAction\":[{\"@type\":\"SearchAction\",\"target\":{\"@type\":\"EntryPoint\",\"urlTemplate\":\"http:\\\/\\\/www.sindipetroba.org.br\\\/2019\\\/?s={search_term_string}\"},\"query-input\":{\"@type\":\"PropertyValueSpecification\",\"valueRequired\":true,\"valueName\":\"search_term_string\"}}],\"inLanguage\":\"pt-BR\"},{\"@type\":\"Organization\",\"@id\":\"http:\\\/\\\/www.sindipetroba.org.br\\\/2019\\\/#organization\",\"name\":\"Sindipetro BA\",\"url\":\"http:\\\/\\\/www.sindipetroba.org.br\\\/2019\\\/\",\"logo\":{\"@type\":\"ImageObject\",\"inLanguage\":\"pt-BR\",\"@id\":\"http:\\\/\\\/www.sindipetroba.org.br\\\/2019\\\/#\\\/schema\\\/logo\\\/image\\\/\",\"url\":\"http:\\\/\\\/www.sindipetroba.org.br\\\/2019\\\/wp-content\\\/uploads\\\/2019\\\/01\\\/sindipetro-marca-cor.png\",\"contentUrl\":\"http:\\\/\\\/www.sindipetroba.org.br\\\/2019\\\/wp-content\\\/uploads\\\/2019\\\/01\\\/sindipetro-marca-cor.png\",\"width\":350,\"height\":126,\"caption\":\"Sindipetro BA\"},\"image\":{\"@id\":\"http:\\\/\\\/www.sindipetroba.org.br\\\/2019\\\/#\\\/schema\\\/logo\\\/image\\\/\"},\"sameAs\":[\"https:\\\/\\\/www.facebook.com\\\/sindipetroBa\\\/\",\"https:\\\/\\\/x.com\\\/SindipetroBahia\",\"https:\\\/\\\/www.instagram.com\\\/sindipetroba\\\/\",\"https:\\\/\\\/www.youtube.com\\\/c\\\/SindipetroBahiaOficial\"]}]}<\/script>\n<!-- \/ Yoast SEO plugin. -->","yoast_head_json":{"title":"Greve de 2018 - Sindipetro BA","robots":{"index":"index","follow":"follow","max-snippet":"max-snippet:-1","max-image-preview":"max-image-preview:large","max-video-preview":"max-video-preview:-1"},"canonical":"http:\/\/www.sindipetroba.org.br\/2019\/o-sindicato\/greves\/greve-de-2018\/","og_locale":"pt_BR","og_type":"article","og_title":"Greve de 2018 - Sindipetro BA","og_description":"Greve de 2018 A greve teve in\u00edcio no dia 30\/05\/2018....","og_url":"http:\/\/www.sindipetroba.org.br\/2019\/o-sindicato\/greves\/greve-de-2018\/","og_site_name":"Sindipetro BA","article_publisher":"https:\/\/www.facebook.com\/sindipetroBa\/","article_modified_time":"2024-06-25T15:16:21+00:00","twitter_card":"summary_large_image","twitter_site":"@SindipetroBahia","twitter_misc":{"Est. tempo de leitura":"1 minuto"},"schema":{"@context":"https:\/\/schema.org","@graph":[{"@type":"WebPage","@id":"http:\/\/www.sindipetroba.org.br\/2019\/o-sindicato\/greves\/greve-de-2018\/","url":"http:\/\/www.sindipetroba.org.br\/2019\/o-sindicato\/greves\/greve-de-2018\/","name":"Greve de 2018 - Sindipetro BA","isPartOf":{"@id":"http:\/\/www.sindipetroba.org.br\/2019\/#website"},"datePublished":"2024-06-25T14:58:25+00:00","dateModified":"2024-06-25T15:16:21+00:00","breadcrumb":{"@id":"http:\/\/www.sindipetroba.org.br\/2019\/o-sindicato\/greves\/greve-de-2018\/#breadcrumb"},"inLanguage":"pt-BR","potentialAction":[{"@type":"ReadAction","target":["http:\/\/www.sindipetroba.org.br\/2019\/o-sindicato\/greves\/greve-de-2018\/"]}]},{"@type":"BreadcrumbList","@id":"http:\/\/www.sindipetroba.org.br\/2019\/o-sindicato\/greves\/greve-de-2018\/#breadcrumb","itemListElement":[{"@type":"ListItem","position":1,"name":"In\u00edcio","item":"http:\/\/www.sindipetroba.org.br\/2019\/"},{"@type":"ListItem","position":2,"name":"O Sindicato","item":"http:\/\/www.sindipetroba.org.br\/2019\/o-sindicato\/"},{"@type":"ListItem","position":3,"name":"Greves","item":"http:\/\/www.sindipetroba.org.br\/2019\/o-sindicato\/greves\/"},{"@type":"ListItem","position":4,"name":"Greve de 2018"}]},{"@type":"WebSite","@id":"http:\/\/www.sindipetroba.org.br\/2019\/#website","url":"http:\/\/www.sindipetroba.org.br\/2019\/","name":"Sindipetro BA","description":"Sindicato dos Petroleiros e Petroleiras do Estado da Bahia","publisher":{"@id":"http:\/\/www.sindipetroba.org.br\/2019\/#organization"},"potentialAction":[{"@type":"SearchAction","target":{"@type":"EntryPoint","urlTemplate":"http:\/\/www.sindipetroba.org.br\/2019\/?s={search_term_string}"},"query-input":{"@type":"PropertyValueSpecification","valueRequired":true,"valueName":"search_term_string"}}],"inLanguage":"pt-BR"},{"@type":"Organization","@id":"http:\/\/www.sindipetroba.org.br\/2019\/#organization","name":"Sindipetro BA","url":"http:\/\/www.sindipetroba.org.br\/2019\/","logo":{"@type":"ImageObject","inLanguage":"pt-BR","@id":"http:\/\/www.sindipetroba.org.br\/2019\/#\/schema\/logo\/image\/","url":"http:\/\/www.sindipetroba.org.br\/2019\/wp-content\/uploads\/2019\/01\/sindipetro-marca-cor.png","contentUrl":"http:\/\/www.sindipetroba.org.br\/2019\/wp-content\/uploads\/2019\/01\/sindipetro-marca-cor.png","width":350,"height":126,"caption":"Sindipetro BA"},"image":{"@id":"http:\/\/www.sindipetroba.org.br\/2019\/#\/schema\/logo\/image\/"},"sameAs":["https:\/\/www.facebook.com\/sindipetroBa\/","https:\/\/x.com\/SindipetroBahia","https:\/\/www.instagram.com\/sindipetroba\/","https:\/\/www.youtube.com\/c\/SindipetroBahiaOficial"]}]}},"_links":{"self":[{"href":"http:\/\/www.sindipetroba.org.br\/2019\/wp-json\/wp\/v2\/pages\/24993","targetHints":{"allow":["GET"]}}],"collection":[{"href":"http:\/\/www.sindipetroba.org.br\/2019\/wp-json\/wp\/v2\/pages"}],"about":[{"href":"http:\/\/www.sindipetroba.org.br\/2019\/wp-json\/wp\/v2\/types\/page"}],"author":[{"embeddable":true,"href":"http:\/\/www.sindipetroba.org.br\/2019\/wp-json\/wp\/v2\/users\/4"}],"replies":[{"embeddable":true,"href":"http:\/\/www.sindipetroba.org.br\/2019\/wp-json\/wp\/v2\/comments?post=24993"}],"version-history":[{"count":3,"href":"http:\/\/www.sindipetroba.org.br\/2019\/wp-json\/wp\/v2\/pages\/24993\/revisions"}],"predecessor-version":[{"id":25022,"href":"http:\/\/www.sindipetroba.org.br\/2019\/wp-json\/wp\/v2\/pages\/24993\/revisions\/25022"}],"up":[{"embeddable":true,"href":"http:\/\/www.sindipetroba.org.br\/2019\/wp-json\/wp\/v2\/pages\/24969"}],"wp:attachment":[{"href":"http:\/\/www.sindipetroba.org.br\/2019\/wp-json\/wp\/v2\/media?parent=24993"}],"curies":[{"name":"wp","href":"https:\/\/api.w.org\/{rel}","templated":true}]}}